{"id":68,"date":"2026-03-14T10:55:18","date_gmt":"2026-03-14T10:55:18","guid":{"rendered":"https:\/\/notariat.hotelsierra.de\/wordpress\/?page_id=68"},"modified":"2026-03-14T11:23:14","modified_gmt":"2026-03-14T11:23:14","slug":"mitarbeiter","status":"publish","type":"page","link":"https:\/\/www.notar-parsberg.de\/?page_id=68","title":{"rendered":"Mitarbeiter"},"content":{"rendered":"\n<p>Mein Team und ich freuen uns, Sie in den Gesch\u00e4ftsr\u00e4umen der Notarstelle Parsberg pers\u00f6nlich begr\u00fc\u00dfen zu d\u00fcrfen.<\/p>\n\n\n\n<p>Neben mir stehen Ihnen folgende Ansprechpartner zur Verf\u00fcgung:<\/p>\n\n\n\n<div class=\"wp-block-columns is-layout-flex wp-container-core-columns-is-layout-28f84493 wp-block-columns-is-layout-flex\">\n<div class=\"wp-block-column is-layout-flow wp-block-column-is-layout-flow\" style=\"flex-basis:100%\">\n<div class=\"wp-block-columns is-layout-flex wp-container-core-columns-is-layout-28f84493 wp-block-columns-is-layout-flex\">\n<div class=\"wp-block-column is-layout-flow wp-block-column-is-layout-flow\" style=\"flex-basis:100%\">\n<div class=\"wp-block-group has-global-padding is-layout-constrained wp-block-group-is-layout-constrained\">\n<div class=\"wp-block-columns is-layout-flex wp-container-core-columns-is-layout-28f84493 wp-block-columns-is-layout-flex\">\n<div class=\"wp-block-column is-layout-flow wp-block-column-is-layout-flow\">\n<figure class=\"wp-block-image alignnone size-full\"><img loading=\"lazy\" decoding=\"async\" width=\"399\" height=\"399\" src=\"https:\/\/www.notar-parsberg.de\/wp-content\/uploads\/2026\/03\/mitarbeiter_betz_a-3-edited.jpg\" alt=\"\" class=\"wp-image-76\" srcset=\"https:\/\/www.notar-parsberg.de\/wp-content\/uploads\/2026\/03\/mitarbeiter_betz_a-3-edited.jpg 399w, https:\/\/www.notar-parsberg.de\/wp-content\/uploads\/2026\/03\/mitarbeiter_betz_a-3-edited-300x300.jpg 300w, https:\/\/www.notar-parsberg.de\/wp-content\/uploads\/2026\/03\/mitarbeiter_betz_a-3-edited-150x150.jpg 150w\" sizes=\"auto, (max-width: 399px) 100vw, 399px\" \/><figcaption class=\"wp-element-caption\"><strong>Herr Peter Betz &#8211; Oberamtsrat<\/strong><\/figcaption><\/figure>\n<\/div>\n\n\n\n<div class=\"wp-block-column is-layout-flow wp-block-column-is-layout-flow\">\n<div class=\"wp-block-group is-nowrap is-layout-flex wp-container-core-group-is-layout-6c531013 wp-block-group-is-layout-flex\">\n<figure class=\"wp-block-image size-full\"><img loading=\"lazy\" decoding=\"async\" width=\"455\" height=\"455\" src=\"https:\/\/www.notar-parsberg.de\/wp-content\/uploads\/2026\/03\/janine_eichenseer_1-2-edited.jpg\" alt=\"\" class=\"wp-image-77\" srcset=\"https:\/\/www.notar-parsberg.de\/wp-content\/uploads\/2026\/03\/janine_eichenseer_1-2-edited.jpg 455w, https:\/\/www.notar-parsberg.de\/wp-content\/uploads\/2026\/03\/janine_eichenseer_1-2-edited-300x300.jpg 300w, https:\/\/www.notar-parsberg.de\/wp-content\/uploads\/2026\/03\/janine_eichenseer_1-2-edited-150x150.jpg 150w\" sizes=\"auto, (max-width: 455px) 100vw, 455px\" \/><figcaption class=\"wp-element-caption\"><strong>Frau Janine Eichenseer &#8211; Oberinspektorin<\/strong><\/figcaption><\/figure>\n<\/div>\n<\/div>\n\n\n\n<div class=\"wp-block-column is-layout-flow wp-block-column-is-layout-flow\">\n<figure class=\"wp-block-image size-full\"><img loading=\"lazy\" decoding=\"async\" width=\"399\" height=\"399\" src=\"https:\/\/www.notar-parsberg.de\/wp-content\/uploads\/2026\/03\/mitarbeiter_spangler_a-edited.jpg\" alt=\"\" class=\"wp-image-79\" srcset=\"https:\/\/www.notar-parsberg.de\/wp-content\/uploads\/2026\/03\/mitarbeiter_spangler_a-edited.jpg 399w, https:\/\/www.notar-parsberg.de\/wp-content\/uploads\/2026\/03\/mitarbeiter_spangler_a-edited-300x300.jpg 300w, https:\/\/www.notar-parsberg.de\/wp-content\/uploads\/2026\/03\/mitarbeiter_spangler_a-edited-150x150.jpg 150w\" sizes=\"auto, (max-width: 399px) 100vw, 399px\" \/><figcaption class=\"wp-element-caption\"><strong>Frau Birgit Spangler<\/strong><\/figcaption><\/figure>\n<\/div>\n<\/div>\n<\/div>\n<\/div>\n<\/div>\n<\/div>\n<\/div>\n\n\n\n<div class=\"wp-block-columns is-layout-flex wp-container-core-columns-is-layout-28f84493 wp-block-columns-is-layout-flex\">\n<div class=\"wp-block-column is-layout-flow wp-block-column-is-layout-flow\" style=\"flex-basis:100%\">\n<div class=\"wp-block-group has-global-padding is-layout-constrained wp-block-group-is-layout-constrained\">\n<div class=\"wp-block-columns is-layout-flex wp-container-core-columns-is-layout-28f84493 wp-block-columns-is-layout-flex\">\n<div class=\"wp-block-column is-layout-flow wp-block-column-is-layout-flow\">\n<figure class=\"wp-block-image size-full\"><img loading=\"lazy\" decoding=\"async\" width=\"452\" height=\"452\" src=\"https:\/\/www.notar-parsberg.de\/wp-content\/uploads\/2026\/03\/barbara_wagner-edited.jpg\" alt=\"\" class=\"wp-image-81\" srcset=\"https:\/\/www.notar-parsberg.de\/wp-content\/uploads\/2026\/03\/barbara_wagner-edited.jpg 452w, https:\/\/www.notar-parsberg.de\/wp-content\/uploads\/2026\/03\/barbara_wagner-edited-300x300.jpg 300w, https:\/\/www.notar-parsberg.de\/wp-content\/uploads\/2026\/03\/barbara_wagner-edited-150x150.jpg 150w\" sizes=\"auto, (max-width: 452px) 100vw, 452px\" \/><figcaption class=\"wp-element-caption\"><strong>Frau Barbara Wagner<\/strong><\/figcaption><\/figure>\n<\/div>\n\n\n\n<div class=\"wp-block-column is-layout-flow wp-block-column-is-layout-flow\">\n<figure class=\"wp-block-image size-full\"><img loading=\"lazy\" decoding=\"async\" width=\"399\" height=\"399\" src=\"https:\/\/www.notar-parsberg.de\/wp-content\/uploads\/2026\/03\/mitarbeiter_bauer_a-edited.jpg\" alt=\"\" class=\"wp-image-83\" srcset=\"https:\/\/www.notar-parsberg.de\/wp-content\/uploads\/2026\/03\/mitarbeiter_bauer_a-edited.jpg 399w, https:\/\/www.notar-parsberg.de\/wp-content\/uploads\/2026\/03\/mitarbeiter_bauer_a-edited-300x300.jpg 300w, https:\/\/www.notar-parsberg.de\/wp-content\/uploads\/2026\/03\/mitarbeiter_bauer_a-edited-150x150.jpg 150w\" sizes=\"auto, (max-width: 399px) 100vw, 399px\" \/><figcaption class=\"wp-element-caption\"><strong>Frau Karin Renner<\/strong><\/figcaption><\/figure>\n<\/div>\n\n\n\n<div class=\"wp-block-column is-layout-flow wp-block-column-is-layout-flow\">\n<h3 class=\"wp-block-heading has-text-align-center\">Auszubildende:<br><\/h3>\n\n\n\n<ul class=\"wp-block-list\">\n<li>Frau Victoria Fremmer<br><\/li>\n\n\n\n<li>Herr Manuel Schulze<\/li>\n<\/ul>\n<\/div>\n<\/div>\n<\/div>\n<\/div>\n<\/div>\n\n\n\n<p><\/p>\n","protected":false},"excerpt":{"rendered":"<p>Mein Team und ich freuen uns, Sie in den Gesch\u00e4ftsr\u00e4umen der Notarstelle Parsberg pers\u00f6nlich begr\u00fc\u00dfen zu d\u00fcrfen. Neben mir stehen Ihnen folgende Ansprechpartner zur Verf\u00fcgung: Auszubildende:<\/p>\n","protected":false},"author":1,"featured_media":0,"parent":0,"menu_order":0,"comment_status":"closed","ping_status":"closed","template":"","meta":{"inspiro_hide_title":false,"footnotes":""},"class_list":["post-68","page","type-page","status-publish","hentry"],"_links":{"self":[{"href":"https:\/\/www.notar-parsberg.de\/index.php?rest_route=\/wp\/v2\/pages\/68","targetHints":{"allow":["GET"]}}],"collection":[{"href":"https:\/\/www.notar-parsberg.de\/index.php?rest_route=\/wp\/v2\/pages"}],"about":[{"href":"https:\/\/www.notar-parsberg.de\/index.php?rest_route=\/wp\/v2\/types\/page"}],"author":[{"embeddable":true,"href":"https:\/\/www.notar-parsberg.de\/index.php?rest_route=\/wp\/v2\/users\/1"}],"replies":[{"embeddable":true,"href":"https:\/\/www.notar-parsberg.de\/index.php?rest_route=%2Fwp%2Fv2%2Fcomments&post=68"}],"version-history":[{"count":7,"href":"https:\/\/www.notar-parsberg.de\/index.php?rest_route=\/wp\/v2\/pages\/68\/revisions"}],"predecessor-version":[{"id":95,"href":"https:\/\/www.notar-parsberg.de\/index.php?rest_route=\/wp\/v2\/pages\/68\/revisions\/95"}],"wp:attachment":[{"href":"https:\/\/www.notar-parsberg.de\/index.php?rest_route=%2Fwp%2Fv2%2Fmedia&parent=68"}],"curies":[{"name":"wp","href":"https:\/\/api.w.org\/{rel}","templated":true}]}}