{"id":64,"date":"2026-03-14T10:34:57","date_gmt":"2026-03-14T10:34:57","guid":{"rendered":"https:\/\/notariat.hotelsierra.de\/wordpress\/?page_id=64"},"modified":"2026-03-19T07:40:08","modified_gmt":"2026-03-19T07:40:08","slug":"willkommen","status":"publish","type":"page","link":"https:\/\/www.notar-parsberg.de\/","title":{"rendered":"Willkommen"},"content":{"rendered":"\n<div class=\"wp-block-columns is-layout-flex wp-container-core-columns-is-layout-28f84493 wp-block-columns-is-layout-flex\">\n<div class=\"wp-block-column is-layout-flow wp-block-column-is-layout-flow\" style=\"flex-basis:66.66%\">\n<h2 class=\"wp-block-heading\">Wir suchen&#8230;<\/h2>\n\n\n\n<p><a href=\"https:\/\/www.notar-parsberg.de\/wp-content\/uploads\/2026\/03\/StellenanzeigeAzubi.pdf\">Auszubildende&nbsp;(m\/w\/d)&nbsp;zum\/zur Notarfachangestellten.<\/a><\/p>\n\n\n\n<h2 class=\"wp-block-heading\">Liebe Mandanten,<\/h2>\n\n\n\n<p>meine&nbsp;Aufgabe&nbsp;ist es, Ihre Erkl\u00e4rungen umgehend und rechtssicher zu beurkunden und zu vollziehen. Daf\u00fcr nehme ich mir die Zeit, ihre Angelegenheiten ausf\u00fchrlich zu besprechen und zu \u00fcberdenken. Ich biete Ihnen eine unabh\u00e4ngige und unparteiische Beratung in allen Rechtsgebieten, in denen die Mitwirkung eines Notars gesetzlich vorgeschrieben ist oder von Ihnen gew\u00fcnscht wird. Durch meine neutrale Stellung und Fachkenntnisse sorge ich daf\u00fcr, dass die Interessen aller Beteiligten ausgewogen gewahrt werden, insbesondere durch Beratung und Aufkl\u00e4rung. Mein Ziel ist es, auf Ihre Bed\u00fcrfnisse abgestimmte L\u00f6sungen zu entwickeln, Ihre W\u00fcnsche und Vorstellungen in einer ausgewogenen, best\u00e4ndigen Urkunde umzusetzen und damit Rechtssicherheit zu schaffen. Viele m\u00f6gliche Streitpunkte k\u00f6nnen durch eine zuverl\u00e4ssige Vertragsgestaltung von vornherein vermieden werden. Nach der Beurkundung \u00fcbernimmt mein erfahrenes und kompetentes Mitarbeiterteam den Vollzug und die Abwicklung ihres Rechtsgesch\u00e4fts. Ob Sie mich als Privatperson, Landwirt, Existenzgr\u00fcnder oder Unternehmer aufsuchen: Sie k\u00f6nnen sicher sein, dass Ihr Anliegen professionell geregelt und sp\u00e4teren Streitigkeiten wirksam vorgebeugt wird.<br><br>Auf folgenden Seiten m\u00f6chte ich Ihnen meine&nbsp;Mitarbeiter&nbsp;vorstellen und Sie auf Ihren&nbsp;Notarbesuch&nbsp;vorbereiten. Weiter finden Sie Hinweise zur&nbsp;Anfahrt,&nbsp;allgemeine&nbsp;Informationen zum Notaramt&nbsp;und eine&nbsp;Historie&nbsp;des Notariats in Parsberg.<br><br>Zur optimalen Vorbereitung auf den Notartermin k\u00f6nnen Sie&nbsp;Checklisten als editierbare PDF Formulare&nbsp;zu allen relevanten Rechtsbereichen downloaden und bei ihrem pers\u00f6nlichen Beratungsgespr\u00e4ch gezielte Fragen zu Ihrem Anliegen stellen, die mein Team und ich Ihnen gerne ausf\u00fchrlich erl\u00e4utern werden.&nbsp; &nbsp;<br><br>Ihre Notarin<br>Susanne Schulze<\/p>\n<\/div>\n\n\n\n<div class=\"wp-block-column is-layout-flow wp-block-column-is-layout-flow\" style=\"flex-basis:33.33%\">\n<h3 class=\"wp-block-heading\">Kontakt<\/h3>\n\n\n\n<figure class=\"wp-block-table is-style-stripes\"><table class=\"has-fixed-layout\"><tbody><tr><td>Anschrift:<\/td><td>Paracelsusstra\u00dfe 1<br>92331 Parsberg<\/td><\/tr><tr><td>Telefon:<\/td><td>09492\/9421-0&nbsp;&nbsp;<\/td><\/tr><tr><td>Fax:<\/td><td>09492\/9421-21<\/td><\/tr><tr><td>E-Mail:<\/td><td><a href=\"mailto:info%40notar-parsberg.de?subject=\">info@notar-parsberg.de<\/a><\/td><\/tr><\/tbody><\/table><\/figure>\n\n\n\n<h3 class=\"wp-block-heading\">\u00d6ffnungszeiten&nbsp; &nbsp;&nbsp;<\/h3>\n\n\n\n<figure class=\"wp-block-table is-style-stripes\"><table class=\"has-fixed-layout\"><tbody><tr><td>Montag<\/td><td>08:00 &#8211; 17:00 Uhr<\/td><\/tr><tr><td>Dienstag<\/td><td>08:00 &#8211; 12:00 Uhr<\/td><\/tr><tr><td>Mittwoch<\/td><td>08:00 &#8211; 17:00 Uhr<\/td><\/tr><tr><td>Donnerstag<\/td><td>08:00 &#8211; 12:00 Uhr<\/td><\/tr><tr><td>Freitag<\/td><td>08:00 &#8211; 16:00 Uhr<\/td><\/tr><\/tbody><\/table><\/figure>\n\n\n\n<h3 class=\"wp-block-heading\">Parkpl\u00e4tze<\/h3>\n\n\n\n<p>Kostenlose Parkpl\u00e4tze stehen Ihnen direkt vor der T\u00fcr zur Verf\u00fcgung.<\/p>\n\n\n\n<h3 class=\"wp-block-heading\">Aufzug&nbsp;&nbsp;<\/h3>\n\n\n\n<p>Ein Aufzug ist auf Anfrage f\u00fcr Sie vorhanden.&nbsp; &nbsp;<\/p>\n<\/div>\n<\/div>\n\n\n\n<p><\/p>\n","protected":false},"excerpt":{"rendered":"<p>Wir suchen&#8230; Auszubildende&nbsp;(m\/w\/d)&nbsp;zum\/zur Notarfachangestellten. Liebe Mandanten, meine&nbsp;Aufgabe&nbsp;ist es, Ihre Erkl\u00e4rungen umgehend und rechtssicher zu beurkunden und zu vollziehen. Daf\u00fcr nehme ich mir die Zeit, ihre Angelegenheiten ausf\u00fchrlich zu besprechen und zu \u00fcberdenken. Ich biete Ihnen eine unabh\u00e4ngige und unparteiische Beratung in allen Rechtsgebieten, in denen die Mitwirkung eines Notars gesetzlich vorgeschrieben ist oder von Ihnen &hellip; <\/p>\n<p class=\"link-more\"><a href=\"https:\/\/www.notar-parsberg.de\/\" class=\"more-link\">Mehr <span class=\"screen-reader-text\">\u00fcber &#8222;Willkommen&#8220; <\/span>Lesen<\/a><\/p>\n","protected":false},"author":1,"featured_media":0,"parent":0,"menu_order":0,"comment_status":"closed","ping_status":"closed","template":"","meta":{"inspiro_hide_title":false,"footnotes":""},"class_list":["post-64","page","type-page","status-publish","hentry"],"_links":{"self":[{"href":"https:\/\/www.notar-parsberg.de\/index.php?rest_route=\/wp\/v2\/pages\/64","targetHints":{"allow":["GET"]}}],"collection":[{"href":"https:\/\/www.notar-parsberg.de\/index.php?rest_route=\/wp\/v2\/pages"}],"about":[{"href":"https:\/\/www.notar-parsberg.de\/index.php?rest_route=\/wp\/v2\/types\/page"}],"author":[{"embeddable":true,"href":"https:\/\/www.notar-parsberg.de\/index.php?rest_route=\/wp\/v2\/users\/1"}],"replies":[{"embeddable":true,"href":"https:\/\/www.notar-parsberg.de\/index.php?rest_route=%2Fwp%2Fv2%2Fcomments&post=64"}],"version-history":[{"count":8,"href":"https:\/\/www.notar-parsberg.de\/index.php?rest_route=\/wp\/v2\/pages\/64\/revisions"}],"predecessor-version":[{"id":315,"href":"https:\/\/www.notar-parsberg.de\/index.php?rest_route=\/wp\/v2\/pages\/64\/revisions\/315"}],"wp:attachment":[{"href":"https:\/\/www.notar-parsberg.de\/index.php?rest_route=%2Fwp%2Fv2%2Fmedia&parent=64"}],"curies":[{"name":"wp","href":"https:\/\/api.w.org\/{rel}","templated":true}]}}