{"id":62,"date":"2026-03-14T10:27:23","date_gmt":"2026-03-14T10:27:23","guid":{"rendered":"https:\/\/notariat.hotelsierra.de\/wordpress\/?page_id=62"},"modified":"2026-03-18T16:17:46","modified_gmt":"2026-03-18T16:17:46","slug":"kontakt","status":"publish","type":"page","link":"https:\/\/www.notar-parsberg.de\/?page_id=62","title":{"rendered":"Kontakt &amp; Anfahrt"},"content":{"rendered":"\n<h2 class=\"wp-block-heading\">Unsere Kontaktdaten<\/h2>\n\n\n\n<figure class=\"wp-block-table aligncenter is-style-stripes\"><table class=\"has-fixed-layout\"><tbody><tr><td>Anschrift:<\/td><td>Paracelsusstra\u00dfe 1<br>92331 Parsberg<\/td><\/tr><tr><td>Telefon:<\/td><td>09492\/9421-0<\/td><\/tr><tr><td>Telefax:<\/td><td>09492\/9421-21<\/td><\/tr><tr><td>E-Mail:<\/td><td><a href=\"mailto:info%40notar-parsberg.de?subject=\">info@notar-parsberg.de<\/a><\/td><\/tr><\/tbody><\/table><\/figure>\n\n\n\n<h2 class=\"wp-block-heading\">Unsere \u00d6ffnungszeiten&nbsp; <\/h2>\n\n\n\n<figure class=\"wp-block-table is-style-stripes\"><table class=\"has-fixed-layout\"><tbody><tr><td>Montag:<\/td><td>08:00 &#8211; 17:00 Uhr<\/td><\/tr><tr><td>Dienstag:<\/td><td>08:00 &#8211; 12:00 Uhr<\/td><\/tr><tr><td>Mittwoch:<\/td><td>08:00 &#8211; 17:00 Uhr<\/td><\/tr><tr><td>Donnerstag:<\/td><td>08:00 &#8211; 12:00 Uhr<\/td><\/tr><tr><td>Freitag:<\/td><td>08:00 &#8211; 16:00 Uhr<\/td><\/tr><\/tbody><\/table><\/figure>\n\n\n\n<h2 class=\"wp-block-heading\">Parkpl\u00e4tze<\/h2>\n\n\n\n<p>Kostenlose Parkpl\u00e4tze stehen Ihnen direkt vor der T\u00fcr zur Verf\u00fcgung.<\/p>\n\n\n\n<h2 class=\"wp-block-heading\">Aufzug&nbsp;&nbsp;<\/h2>\n\n\n\n<p>Ein Aufzug ist auf Anfrage f\u00fcr Sie vorhanden.&nbsp;&nbsp;<\/p>\n\n\n\n<h2 class=\"wp-block-heading\">Anfahrt<\/h2>\n\n\n\n<iframe loading=\"lazy\" width=\"100%\" height=\"450\" src=\"https:\/\/www.openstreetmap.org\/export\/embed.html?bbox=11.71256572008133%2C49.15892506749167%2C11.718761622905733%2C49.161057965548494&amp;layer=mapnik&amp;marker=49.15999152800199%2C11.71566367149353\" style=\"border: 1px solid black\"><\/iframe><br\/><small>\n\n\n\n<p><\/p>\n","protected":false},"excerpt":{"rendered":"<p>Unsere Kontaktdaten Anschrift: Paracelsusstra\u00dfe 192331 Parsberg Telefon: 09492\/9421-0 Telefax: 09492\/9421-21 E-Mail: info@notar-parsberg.de Unsere \u00d6ffnungszeiten&nbsp; Montag: 08:00 &#8211; 17:00 Uhr Dienstag: 08:00 &#8211; 12:00 Uhr Mittwoch: 08:00 &#8211; 17:00 Uhr Donnerstag: 08:00 &#8211; 12:00 Uhr Freitag: 08:00 &#8211; 16:00 Uhr Parkpl\u00e4tze Kostenlose Parkpl\u00e4tze stehen Ihnen direkt vor der T\u00fcr zur Verf\u00fcgung. Aufzug&nbsp;&nbsp; Ein Aufzug ist auf &hellip; <\/p>\n<p class=\"link-more\"><a href=\"https:\/\/www.notar-parsberg.de\/?page_id=62\" class=\"more-link\">Mehr <span class=\"screen-reader-text\">\u00fcber &#8222;Kontakt &amp; Anfahrt&#8220; <\/span>Lesen<\/a><\/p>\n","protected":false},"author":1,"featured_media":0,"parent":0,"menu_order":0,"comment_status":"closed","ping_status":"closed","template":"","meta":{"inspiro_hide_title":false,"footnotes":""},"class_list":["post-62","page","type-page","status-publish","hentry"],"_links":{"self":[{"href":"https:\/\/www.notar-parsberg.de\/index.php?rest_route=\/wp\/v2\/pages\/62","targetHints":{"allow":["GET"]}}],"collection":[{"href":"https:\/\/www.notar-parsberg.de\/index.php?rest_route=\/wp\/v2\/pages"}],"about":[{"href":"https:\/\/www.notar-parsberg.de\/index.php?rest_route=\/wp\/v2\/types\/page"}],"author":[{"embeddable":true,"href":"https:\/\/www.notar-parsberg.de\/index.php?rest_route=\/wp\/v2\/users\/1"}],"replies":[{"embeddable":true,"href":"https:\/\/www.notar-parsberg.de\/index.php?rest_route=%2Fwp%2Fv2%2Fcomments&post=62"}],"version-history":[{"count":17,"href":"https:\/\/www.notar-parsberg.de\/index.php?rest_route=\/wp\/v2\/pages\/62\/revisions"}],"predecessor-version":[{"id":308,"href":"https:\/\/www.notar-parsberg.de\/index.php?rest_route=\/wp\/v2\/pages\/62\/revisions\/308"}],"wp:attachment":[{"href":"https:\/\/www.notar-parsberg.de\/index.php?rest_route=%2Fwp%2Fv2%2Fmedia&parent=62"}],"curies":[{"name":"wp","href":"https:\/\/api.w.org\/{rel}","templated":true}]}}