{"id":6,"date":"2026-03-03T13:03:12","date_gmt":"2026-03-03T13:03:12","guid":{"rendered":"https:\/\/notariat.hotelsierra.de\/wordpress\/?page_id=6"},"modified":"2026-03-14T16:51:46","modified_gmt":"2026-03-14T16:51:46","slug":"datenschutz","status":"publish","type":"page","link":"https:\/\/www.notar-parsberg.de\/?page_id=6","title":{"rendered":"Datenschutz"},"content":{"rendered":"\n<h3 class=\"wp-block-heading\"><strong>Verschwiegenheit<\/strong><\/h3>\n\n\n\n<p>Notare sind nach \u00a7 18 der Bundesnotarordnung zu besonderer Verschwiegenheit verpflichtet. Alle personenbezogenen Daten werden vertraulich behandelt.<\/p>\n\n\n\n<h3 class=\"wp-block-heading\">Datenschutz\u00aderkl\u00e4rung<\/h3>\n\n\n\n<p>Wir sind uns dar\u00fcber bewusst, dass Ihnen der Schutz Ihrer Privatsph\u00e4re bei der Benutzung unserer Website und bei uns im Amt ein wichtiges Anliegen ist. Wir nehmen den Schutz Ihrer pers\u00f6nlichen Daten sehr ernst. Deshalb m\u00f6chten wir, dass Sie wissen, wann wir welche Daten speichern und wie wir sie verwenden. Wir m\u00f6chten Sie mit dieser Datenschutzerkl\u00e4rung \u00fcber unsere Ma\u00dfnahmen zum Datenschutz in Kenntnis setzen.<\/p>\n\n\n\n<h3 class=\"wp-block-heading\">Informationen zum Datenschutz<\/h3>\n\n\n\n<p>1. Wer ist verantwortlich, an wen k\u00f6nnen Sie sich wenden?<br>Verantwortlicher f\u00fcr die Verarbeitung Ihrer personenbezogenen Daten bin ich, die Notarin.<br>Sie k\u00f6nnen sich f\u00fcr alle Datenschutzanfragen an mich oder \u00fcber die Notarstelle an meinen Datenschutzbeauftragten, Herrn Peter Betz, Oberamtsrat i.N., wenden. S\u00e4mtliche Kontaktm\u00f6glichkeiten k\u00f6nnen Sie dieser Website unter dem Punkt \u201eKontakt\u201c entnehmen.<br><br>2. Welche Daten verarbeite ich und woher kommen die Daten?<br>Ich verarbeite personenbezogene Daten, die ich von Ihnen selbst oder von Ihnen beauftragten Dritten<br>(z. B. Rechtsanwalt, Steuerberater, Makler, Kreditinstitut) erhalte,<br>wie z. B.<\/p>\n\n\n\n<ul class=\"wp-block-list\">\n<li>Daten zur Person, z. B. Vor- und Zuname, Geburtsdatum und Geburtsort, Staatsangeh\u00f6rigkeit, Familienstand;<br>im Einzelfall Ihre Geburtenregisternummer;<\/li>\n\n\n\n<li>Daten zur Kontaktaufnahme, wie z. B. postalische Anschrift, Telefon- und Fax-Nummern, E-Mail-Adresse;<\/li>\n\n\n\n<li>bei Grundst\u00fccksvertr\u00e4gen Ihre steuerliche Identifikations-Nummer;<\/li>\n\n\n\n<li>in bestimmten F\u00e4llen, z. B. bei Ehevertr\u00e4gen, Testamenten, Erbvertr\u00e4gen oder Adoptionen, auch Daten zu Ihrer famili\u00e4ren Situation und zu Ihren Verm\u00f6genswerten sowie ggf. Angaben zur Ihrer Gesundheit oder andere sensible Daten, z. B. weil diese zur Dokumentation Ihrer Gesch\u00e4ftsf\u00e4higkeit dienen;<\/li>\n\n\n\n<li>in bestimmten F\u00e4llen auch Daten aus Ihren Rechtsbeziehungen mit Dritten wie<br>z. B. Aktenzeichen oder Darlehens- oder Konto-Nummern bei Kreditinstituten.<\/li>\n<\/ul>\n\n\n\n<p>Au\u00dferdem verarbeite ich Daten aus \u00f6ffentlichen Registern, z. B. Grundbuch, Handels- und Vereinsregistern.<br>&nbsp;&nbsp;<br>3. F\u00fcr welche Zwecke und auf welcher Rechtsgrundlage werden die Daten verarbeitet?<br>Als Notarin bin ich Tr\u00e4ger eines \u00f6ffentlichen Amtes. Meine Amtst\u00e4tigkeit erfolgt in Wahrnehmung einer Aufgabe, die im Interesse der Allgemeinheit an einer geordneten vorsorgenden Rechtspflege und damit im \u00f6ffentlichen Interesse liegt, und in Aus\u00fcbung \u00f6ffentlicher Gewalt (Art. 6 Abs. 1 S. 1 Buchstabe e der Datenschutz-Grundverordnung (DS-GVO)).<br>Ihre Daten werden ausschlie\u00dflich verarbeitet, um die von Ihnen und ggf. weiteren an einem Gesch\u00e4ft beteiligten Personen begehrte notarielle T\u00e4tigkeit entsprechend meinen Amtspflichten durchzuf\u00fchren, also etwa zur Erstellung von Urkundsentw\u00fcrfen, zur Beurkundung und dem Vollzug von Urkundsgesch\u00e4ften oder zur Durchf\u00fchrung von Beratungen. Die Verarbeitung der personenbezogenen Daten erfolgt daher immer nur aufgrund der f\u00fcr mich geltenden berufs- und verfahrensrechtlichen Bestimmungen, die sich im Wesentlichen aus der Bundesnotarordnung und dem Beurkundungsgesetz ergeben. Aus diesen Bestimmungen ergibt sich f\u00fcr mich zugleich auch die rechtliche Verpflichtung zur Verarbeitung der erforderlichen Daten (Art. 6 Abs. 1 S. 1 Buchstabe c DS-GVO). Eine Nichtbereitstellung der von mir bei Ihnen angeforderten Daten w\u00fcrde daher dazu f\u00fchren, dass ich die (weitere) Durchf\u00fchrung des Amtsgesch\u00e4fts ablehnen m\u00fcsste.&nbsp;<\/p>\n\n\n\n<p>4. An wen gebe ich Daten weiter?<br>Als Notarin unterliege ich einer gesetzlichen Verschwiegenheitspflicht. Diese Verschwiegenheitspflicht gilt auch f\u00fcr alle meine Mitarbeiter und sonst von mir Beauftragten.<br>Ich darf Ihre Daten daher nur weitergeben, wenn und soweit ich dazu im Einzelfall verpflichtet bin, z. B. aufgrund von Mitteilungspflichten gegen\u00fcber der Finanzverwaltung, oder an \u00f6ffentliche Register wie Grundbuchamt, Handels- oder Vereinsregister, Zentrales Testamentsregister, Vorsorgeregister, Gerichte wie Nachlass-, Betreuungs- oder Familiengericht oder Beh\u00f6rden. Im Rahmen der Standes- und Dienstaufsicht bin ich unter Umst\u00e4nden auch zur Erteilung von Ausk\u00fcnften an die Notarkammer oder meine Dienstaufsichtsbeh\u00f6rde verpflichtet, die wiederum einer amtlichen Verschwiegenheitspflicht unterliegen.<br>Ansonsten werden Ihre Daten nur weitergegeben, wenn ich hierzu aufgrund von Ihnen abgegebener Erkl\u00e4rungen verpflichtet bin oder Sie die Weitergabe beantragt haben.<\/p>\n\n\n\n<p>5. Werden Daten an Drittl\u00e4nder \u00fcbermittelt?&nbsp; &nbsp; &nbsp; &nbsp; &nbsp; &nbsp; &nbsp; &nbsp; &nbsp; &nbsp; &nbsp;&nbsp;<br>Eine \u00dcbermittlung Ihrer personenbezogenen Daten in Drittl\u00e4nder erfolgt nur auf besonderen Antrag von Ihnen oder wenn und soweit ein Urkundsbeteiligter in einem Drittland ans\u00e4ssig ist.<br><br>6. Wie lange werden Ihre Daten gespeichert?<br>Ich verarbeite und speichere Ihre personenbezogenen Daten im Rahmen meiner gesetzlichen Aufbewahrungspflichten.<br>Nach \u00a7 5 Abs. 4 Dienstordnung f\u00fcr Notarinnen und Notare (DONot) gelten f\u00fcr die Aufbewahrung von notariellen Unterlagen folgende Aufbewahrungsfristen:&nbsp;<\/p>\n\n\n\n<ul class=\"wp-block-list\">\n<li>Urkundenrolle, Erbvertragsverzeichnis, Namensverzeichnis zur Urkundenrolle und Urkundensammlung einschlie\u00dflich der gesondert aufbewahrten Erbvertr\u00e4ge (\u00a7 18 Abs. 4 DONot): 100 Jahre,&nbsp;<\/li>\n\n\n\n<li>Verwahrungsbuch, Massenbuch, Namenverzeichnis zum Massenbuch, Anderkontenliste, Generalakten: 30 Jahre,&nbsp;<\/li>\n\n\n\n<li>Nebenakten: 7 Jahre; der Notar kann sp\u00e4testens bei der letzten inhaltlichen Bearbeitung schriftlich eine l\u00e4ngere Aufbewahrungsfrist bestimmen, z. B. bei Verf\u00fcgungen von Todes wegen oder im Falle der Regressgefahr; die Bestimmung kann auch generell f\u00fcr einzelne Arten von Rechtsgesch\u00e4ften wie z. B. f\u00fcr Verf\u00fcgungen von Todes wegen, getroffen werden.<\/li>\n<\/ul>\n\n\n\n<p>Nach Ablauf der Speicherfristen werden Ihre Daten gel\u00f6scht bzw. die Papierunterlagen vernichtet, sofern ich nicht nach Artikel 6 Abs. 1 S. 1 Buchstabe c DS-GVO aufgrund von steuer- und handelsrechtlichen Aufbewahrungs- und Dokumentationspflichten (aus Handelsgesetzbuch, Strafgesetzbuch, Geldw\u00e4schegesetz oder der Abgabenordnung) sowie berufsrechtlicher Vorschriften zum Zweck der Kollisionspr\u00fcfung zu einer l\u00e4ngeren Speicherung verpflichtet bin.<br>&nbsp;&nbsp;<br>7. Welche Rechte haben Sie?&nbsp; &nbsp;<br>Sie haben das Recht:<\/p>\n\n\n\n<ul class=\"wp-block-list\">\n<li>Auskunft dar\u00fcber zu verlangen, ob ich personenbezogene Daten \u00fcber Sie verarbeite, wenn ja, zu welchen Zwecken ich die Daten und welche Kategorien von personenbezogenen Daten ich verarbeite, an wen die Daten ggf. weitergeleitet wurden, wie lange die Daten ggf. gespeichert werden sollen und welche Rechte Ihnen zustehen.<\/li>\n\n\n\n<li>unzutreffende, Sie betreffende personenbezogene Daten, die bei mir gespeichert werden, berichtigen zu lassen. Ebenso haben Sie das Recht, einen bei mir gespeicherten unvollst\u00e4ndigen Datensatz von mir erg\u00e4nzen zu lassen.<\/li>\n\n\n\n<li>L\u00f6schung der Sie betreffenden personenbezogenen Daten zu verlangen, sofern ein gesetzlich vorgesehener Grund zur L\u00f6schung vorliegt (vgl. Art. 17 DS-GVO) und die Verarbeitung Ihrer Daten nicht zur Erf\u00fcllung einer rechtlichen Verpflichtung oder aus anderen vorrangigen Gr\u00fcnden im Sinne der DS-GVO geboten ist.&nbsp;<\/li>\n\n\n\n<li>von mir zu verlangen, dass ich Ihre Daten nur noch eingeschr\u00e4nkt, z. B. zur Geltendmachung von Rechtsanspr\u00fcchen oder aus Gr\u00fcnden eines wichtigen \u00f6ffentlichen Interesses, verarbeite, w\u00e4hrend ich beispielsweise Ihren Anspruch auf Berichtigung oder Widerspruch pr\u00fcfe, oder ggf. wenn ich Ihren L\u00f6schungsanspruch ablehnen (vgl. Art. 18 DS-GVO).<\/li>\n\n\n\n<li>der Verarbeitung zu widersprechen, sofern diese erforderlich ist, damit ich meine im \u00f6ffentlichen Interesse liegenden Aufgaben wahrnehmen oder mein \u00f6ffentliches Amt aus\u00fcben kann, wenn Gr\u00fcnde f\u00fcr den Widerspruch vorliegen, die sich aus Ihrer besonderen Situation ergeben.&nbsp; &nbsp;<\/li>\n\n\n\n<li>sich mit einer datenschutzrechtlichen Beschwerde an die Aufsichtsbeh\u00f6rden zu wenden. Die zust\u00e4ndige Aufsichtsbeh\u00f6rde ist f\u00fcr die bayerischen Notare der Bayerische Landesbeauftragte f\u00fcr den Datenschutz, Wagm\u00fcllerstra\u00dfe 18, 80538 M\u00fcnchen. Zust\u00e4ndig f\u00fcr die rheinland-pf\u00e4lzischen Notare ist der Landesbeauftragte f\u00fcr den Datenschutz und die Informationsfreiheit Rheinland-Pfalz, Postfach 30 40, 55020 Mainz.<\/li>\n<\/ul>\n\n\n\n<p>Zur Aus\u00fcbung Ihrer Rechte sowie bei Fragen und Beschwerden zur Verwendung Ihrer personenbezogenen Daten k\u00f6nnen Sie und die anderen betroffenen Personen sich \u00fcber die Notarstelle jederzeit vertraulich an meinen<\/p>\n\n\n\n<h3 class=\"wp-block-heading\">Datenschutzbeauftragten<\/h3>\n\n\n\n<p>Herrn Peter Betz, Oberamtsrat i.N., wenden.<\/p>\n\n\n\n<h3 class=\"wp-block-heading\">Erhebung personenbezogener Daten<\/h3>\n\n\n\n<p>Im Folgenden informieren wir \u00fcber die Erhebung personenbezogener Daten bei Nutzung unserer Website. Personenbezogene Daten sind alle Daten, die direkt oder indirekt auf Sie pers\u00f6nlich beziehbar sind, z. B. Name, Adresse, E-Mail-Adressen, Nutzerverhalten.<br>Wir verarbeiten Daten gem\u00e4\u00df DS-GVO Art. 6 Abs. 1 lit. a) b) c) f). Das bedeutet, dass wir personenbezogene Daten nur verarbeiten, wenn eine Einwilligung vorliegt (lit. a), soweit zur Erf\u00fcllung eines Vertrages oder vorvertraglicher Ma\u00dfnahmen erforderlich (lit. b), wir rechtlich dazu verpflichtet sind (lit. c) oder wir ein berechtigtes Interesse an der Verarbeitung haben (lit. f). Die entsprechende Rechtsgrundlage wird im Einzelfall benannt.<br>Bei Ihrer Kontaktaufnahme mit uns per E-Mail oder \u00fcber ein Kontaktformular werden die von Ihnen mitgeteilten Daten (Ihre E-Mail-Adresse, ggf. Ihr Name und Ihre Telefonnummer) von uns gespeichert, um Ihre Fragen zu beantworten. Die in diesem Zusammenhang anfallenden Daten l\u00f6schen wir, nachdem der Zweck der Anfrage entfallen ist. Je nach Art der Anfrage erheben wir diese Daten mit Ihrer ausdr\u00fccklichen Einwilligung gem. Art. 6 Abs. 1 lit. a) DSGVO, zur Abwicklung und Erf\u00fcllung eines Vertrages oder vorvertraglicher Ma\u00dfnahmen gem. Art. 6 Abs. 1 lit. b) DS-GVO oder bei einem berechtigten Interesse gem. Art. 6 Abs. 1 lit. f) DSGVO. Das berechtigte Interesse liegt dabei darin, Anfragen zu beantworten und \u00fcber unsere Produkte und Dienstleistungen zu informieren.<br>Bei der ausschlie\u00dflich informatorischen Nutzung der Website, also wenn Sie sich nicht registrieren oder uns anderweitig Informationen \u00fcbermitteln, werden nur die Daten erhoben, die Ihr Browser an den von uns genutzten Server \u00fcbermittelt. Wenn Sie unsere Website betrachten m\u00f6chten, werden die folgenden Daten erhoben, die f\u00fcr uns technisch erforderlich sind, um Ihnen unsere Website anzuzeigen und die Stabilit\u00e4t und Sicherheit zu gew\u00e4hrleisten. Die Weiterleitung erfolgt automatisiert durch Ihren Browser und ist bei der Nutzung des Internets diesem inh\u00e4rent. (Rechtsgrundlage ist Art. 6 Abs. 1 lit. f DS-GVO):<\/p>\n\n\n\n<ul class=\"wp-block-list\">\n<li>IP-Adresse<\/li>\n\n\n\n<li>Datum und Uhrzeit der Anfrage<\/li>\n\n\n\n<li>Zeitzonendifferenz zur Greenwich Mean Time (GMT)<\/li>\n\n\n\n<li>Inhalt der Anforderung (konkrete Seite)<\/li>\n\n\n\n<li>Zugriffsstatus\/HTTP-Statuscode<\/li>\n\n\n\n<li>jeweils \u00fcbertragene Datenmenge<\/li>\n\n\n\n<li>Website, von der die Anforderung kommt<\/li>\n\n\n\n<li>Browser<\/li>\n\n\n\n<li>Betriebssystem und dessen Oberfl\u00e4che<\/li>\n\n\n\n<li>Sprache und Version der Browsersoftware<\/li>\n<\/ul>\n\n\n\n<h3 class=\"wp-block-heading\">Verwendungszwecke<\/h3>\n\n\n\n<p>Die von Ihnen erfassten pers\u00f6nlichen Daten werden wir nur dazu verwenden, Ihnen die gew\u00fcnschten Produkte oder Dienstleistungen bereitzustellen, oder aber zu anderen Zwecken, f\u00fcr die Sie Ihre Einwilligung erteilt haben, sofern keine anderslautenden gesetzlichen Verpflichtungen bestehen.<\/p>\n\n\n\n<h3 class=\"wp-block-heading\">Betroffenenrechte<\/h3>\n\n\n\n<p>Sie haben gegen\u00fcber uns folgende Rechte hinsichtlich der Sie betreffenden personenbezogenen Daten:<\/p>\n\n\n\n<ul class=\"wp-block-list\">\n<li>Recht auf Auskunft,<\/li>\n\n\n\n<li>Recht auf Berichtigung oder L\u00f6schung,<\/li>\n\n\n\n<li>Recht auf Einschr\u00e4nkung der Verarbeitung,<\/li>\n\n\n\n<li>Recht auf Widerspruch gegen die Verarbeitung,<\/li>\n\n\n\n<li>Recht auf Daten\u00fcbertragbarkeit.<\/li>\n<\/ul>\n\n\n\n<p>Sie haben zudem das Recht, sich bei einer Datenschutz-Aufsichtsbeh\u00f6rde \u00fcber die Verarbeitung Ihrer personenbezogenen Daten durch uns zu beschweren.&nbsp;<\/p>\n\n\n\n<h3 class=\"wp-block-heading\">Recht auf Widerruf oder Widerspruch gegen die Verarbeitung Ihrer Daten<\/h3>\n\n\n\n<p>Falls Sie eine Einwilligung zur Verarbeitung Ihrer Daten erteilt haben, k\u00f6nnen Sie diese jederzeit widerrufen. Ein solcher Widerruf beeinflusst die Zul\u00e4ssigkeit der Verarbeitung Ihrer personenbezogenen Daten, nachdem Sie ihn gegen\u00fcber uns ausgesprochen haben.<\/p>\n\n\n\n<h3 class=\"wp-block-heading\">Aufbewahrung von Daten<\/h3>\n\n\n\n<p>Wir speichern personenbezogene Daten, solange dies zur Erf\u00fcllung unserer vertraglichen sowie vor- und nachvertraglichen Verpflichtungen erforderlich ist. Dies ber\u00fchrt nicht Ihr Recht auf L\u00f6schung oder Einschr\u00e4nkung der Verarbeitung. Au\u00dferdem wird dadurch nicht unser Recht ber\u00fchrt die Daten bei rechtlich zwingenden Gr\u00fcnden (Art. 6 Abs. 1 lit. c) DS-GVO) oder bei Vorliegen eines berechtigten Interesses (Art. 6 Abs. 1 lit. b) DS-GVO) weiterhin zu speichern. Als berechtigtes Interesse kommen insbesondere das Pr\u00fcfen und Durchsetzen von Schadensersatz- und anderen Anspr\u00fcchen in Betracht.<br>Logdateien, die zur Stabilit\u00e4t und Sicherheit des Systems erforderlich sind werden nach vier Tagen automatisiert gel\u00f6scht.<\/p>\n\n\n\n<h3 class=\"wp-block-heading\">Einsatz von Cookies<\/h3>\n\n\n\n<p>Zus\u00e4tzlich zu den zuvor genannten Daten werden bei Ihrer Nutzung unserer Website Cookies auf Ihrem Rechner gespeichert. Bei Cookies handelt es sich um kleine Textdateien, die auf Ihrer Festplatte dem von Ihnen verwendeten Browser zugeordnet gespeichert werden und durch welche der Stelle, die den Cookie setzt (hier durch uns), bestimmte Informationen zuflie\u00dfen. Cookies k\u00f6nnen keine Programme ausf\u00fchren oder Viren auf Ihren Computer \u00fcbertragen. Sie dienen dazu, das Internetangebot insgesamt nutzerfreundlicher und effektiver zu machen.<\/p>\n\n\n\n<p>a. Diese Website nutzt folgende Arten von Cookies, deren Umfang und Funktionsweise im Folgenden erl\u00e4utert werden:<\/p>\n\n\n\n<ul class=\"wp-block-list\">\n<li>Transiente Cookies (dazu b)<\/li>\n\n\n\n<li>Persistente Cookies (dazu c).<\/li>\n<\/ul>\n\n\n\n<p>b. Transiente Cookies werden automatisiert gel\u00f6scht, wenn Sie den Browser schlie\u00dfen. Dazu z\u00e4hlen insbesondere die Session-Cookies. Diese speichern eine sogenannte Session-ID, mit welcher sich verschiedene Anfragen Ihres Browsers der gemeinsamen Sitzung zuordnen lassen. Dadurch kann Ihr Rechner wiedererkannt werden, wenn Sie auf unsere Website zur\u00fcckkehren. Die Session-Cookies werden gel\u00f6scht, wenn Sie sich ausloggen oder den Browser schlie\u00dfen.<\/p>\n\n\n\n<p>c. Persistente Cookies werden automatisiert nach einer vorgegebenen Dauer gel\u00f6scht, die sich je nach Cookie unterscheiden kann. Sie k\u00f6nnen die Cookies in den Sicherheitseinstellungen Ihres Browsers jederzeit l\u00f6schen.<\/p>\n\n\n\n<p>d. Sie k\u00f6nnen Ihre Browser-Einstellung entsprechend Ihren W\u00fcnschen konfigurieren und z. B. die Annahme von Third-Party-Cookies oder allen Cookies ablehnen. Wir weisen Sie darauf hin, dass Sie eventuell nicht alle Funktionen dieser Website nutzen k\u00f6nnen.<\/p>\n\n\n\n<h3 class=\"wp-block-heading\">Sicherheit<\/h3>\n\n\n\n<p>Wir setzen technische und organisatorische Sicherheitsma\u00dfnahmen ein, um Ihre zur Verf\u00fcgung gestellten Daten durch zuf\u00e4llige oder vors\u00e4tzliche Manipulation, Verlust, Zerst\u00f6rung oder Zugriff unberechtigter Personen zu sch\u00fctzen. Im Falle der Erhebung und Verarbeitung pers\u00f6nlicher Daten werden die Informationen in verschl\u00fcsselter Form \u00fcbertragen, um einem Missbrauch der Daten durch Dritte vorzubeugen. Unsere Sicherungsma\u00dfnahmen werden entsprechend der technologischen Entwicklung fortlaufend \u00fcberarbeitet.<\/p>\n\n\n\n<h3 class=\"wp-block-heading\">Anpassungen<\/h3>\n\n\n\n<p>Die st\u00e4ndige Entwicklung des Internets macht von Zeit zu Zeit Anpassungen unserer Datenschutzerkl\u00e4rung erforderlich. Wir behalten uns vor, jederzeit entsprechende \u00c4nderungen vorzunehmen.<\/p>\n\n\n\n<h3 class=\"wp-block-heading\">Nutzungsstatistik<\/h3>\n\n\n\n<p>Beim Besuch unserer Seite wird von uns anonymisiert erfasst, auf welchem Weg die Besucher zu unserer Webseite gekommen sind und wie viele Nutzer die Seite aufgerufen haben. (Suchmaschine, Verlinkung, direkte Eingabe oder Werbema\u00dfnahmen) Die Daten werden nicht dazu genutzt einzelne Besucher zu identifizieren, sondern ausschlie\u00dflich zur \u00dcbermittlung quantitativer Gr\u00f6\u00dfen. Die Statistik kann nicht dazu genutzt werden ihr Verhalten auf anderen Webseiten nachzuvollziehen. Die Daten werden nicht mit anderen Diensten verkn\u00fcpft. Wenn Sie das Setzen von Cookies in Ihrem Browser deaktiviert haben, werden Ihre Besuche nicht erfasst. Ansonsten werden diese Cookies nach sieben Tagen automatisiert gel\u00f6scht.<\/p>\n\n\n\n<h3 class=\"wp-block-heading\">Inhalte Dritter auf der Webseite<\/h3>\n\n\n\n<p>Unser Internetauftritt integriert Inhalte anderer Anbieter. Dies k\u00f6nnen reine Content-Elemente (z.B. Nachrichten, Neuigkeiten), aber auch Widgets (Funktionen wie z.B. Buchungssysteme) oder z.B. Schriften und technische Bibliotheken sein. Dazu geh\u00f6ren auch Google Fonts. Aus technischen Gr\u00fcnden erfolgt dies, indem diese Inhalte vom Browser von anderen Servern geladen werden. In diesem Zusammenhang werden die aktuell von Ihrem Browser verwendete IP und der verwendete Browser des anfragenden Systems \u00fcbermittelt. Bitte beachten Sie diesbez\u00fcglich die jeweiligen Datenschutzerkl\u00e4rungen der Drittanbieter.<\/p>\n","protected":false},"excerpt":{"rendered":"<p>Verschwiegenheit Notare sind nach \u00a7 18 der Bundesnotarordnung zu besonderer Verschwiegenheit verpflichtet. Alle personenbezogenen Daten werden vertraulich behandelt. Datenschutz\u00aderkl\u00e4rung Wir sind uns dar\u00fcber bewusst, dass Ihnen der Schutz Ihrer Privatsph\u00e4re bei der Benutzung unserer Website und bei uns im Amt ein wichtiges Anliegen ist. Wir nehmen den Schutz Ihrer pers\u00f6nlichen Daten sehr ernst. Deshalb m\u00f6chten &hellip; <\/p>\n<p class=\"link-more\"><a href=\"https:\/\/www.notar-parsberg.de\/?page_id=6\" class=\"more-link\">Mehr <span class=\"screen-reader-text\">\u00fcber &#8222;Datenschutz&#8220; <\/span>Lesen<\/a><\/p>\n","protected":false},"author":1,"featured_media":0,"parent":0,"menu_order":-1,"comment_status":"closed","ping_status":"closed","template":"","meta":{"inspiro_hide_title":false,"footnotes":""},"class_list":["post-6","page","type-page","status-publish","hentry"],"_links":{"self":[{"href":"https:\/\/www.notar-parsberg.de\/index.php?rest_route=\/wp\/v2\/pages\/6","targetHints":{"allow":["GET"]}}],"collection":[{"href":"https:\/\/www.notar-parsberg.de\/index.php?rest_route=\/wp\/v2\/pages"}],"about":[{"href":"https:\/\/www.notar-parsberg.de\/index.php?rest_route=\/wp\/v2\/types\/page"}],"author":[{"embeddable":true,"href":"https:\/\/www.notar-parsberg.de\/index.php?rest_route=\/wp\/v2\/users\/1"}],"replies":[{"embeddable":true,"href":"https:\/\/www.notar-parsberg.de\/index.php?rest_route=%2Fwp%2Fv2%2Fcomments&post=6"}],"version-history":[{"count":10,"href":"https:\/\/www.notar-parsberg.de\/index.php?rest_route=\/wp\/v2\/pages\/6\/revisions"}],"predecessor-version":[{"id":275,"href":"https:\/\/www.notar-parsberg.de\/index.php?rest_route=\/wp\/v2\/pages\/6\/revisions\/275"}],"wp:attachment":[{"href":"https:\/\/www.notar-parsberg.de\/index.php?rest_route=%2Fwp%2Fv2%2Fmedia&parent=6"}],"curies":[{"name":"wp","href":"https:\/\/api.w.org\/{rel}","templated":true}]}}