{"id":268,"date":"2026-03-14T16:33:28","date_gmt":"2026-03-14T16:33:28","guid":{"rendered":"https:\/\/notariat.hotelsierra.de\/wordpress\/?page_id=268"},"modified":"2026-03-14T16:56:41","modified_gmt":"2026-03-14T16:56:41","slug":"impressum","status":"publish","type":"page","link":"https:\/\/www.notar-parsberg.de\/?page_id=268","title":{"rendered":"Impressum"},"content":{"rendered":"\n<p>Notarin Susanne Schulze<\/p>\n\n\n\n<h3 class=\"wp-block-heading\">Kontaktdaten:<\/h3>\n\n\n\n<figure class=\"wp-block-table is-style-stripes\"><table class=\"has-fixed-layout\"><tbody><tr><td>Anschrift:&nbsp;<\/td><td>Paracelsusstra\u00dfe 1<br>92331 Parsberg<\/td><\/tr><tr><td>Telefon:<\/td><td>+49 9492 94210<\/td><\/tr><tr><td>Fax:<\/td><td>+49 9492 942121<\/td><\/tr><tr><td>E-Mail:<\/td><td><a href=\"mailto:info%40notar-parsberg.de?subject=%20&amp;body=%20\">info@notar-parsberg.de<\/a><\/td><\/tr><\/tbody><\/table><\/figure>\n\n\n\n<h3 class=\"wp-block-heading\">Verantwortlicher \/ Verantwortliche f\u00fcr journalistisch-redaktionelle Texte:<\/h3>\n\n\n\n<p>Susanne Schulze<\/p>\n\n\n\n<h3 class=\"wp-block-heading\">Notar \/ Notarin:<\/h3>\n\n\n\n<p>Die gesetzliche Berufsbezeichnung&nbsp;<strong>Notar \/ Notarin<\/strong>&nbsp;wurde verliehen in der Bundesrepublik Deutschland (Bayern).<\/p>\n\n\n\n<h3 class=\"wp-block-heading\">Zust\u00e4ndige Notarkammer:<\/h3>\n\n\n\n<figure class=\"wp-block-table is-style-stripes\"><table class=\"has-fixed-layout\"><tbody><tr><td>Landesnotarkammer Bayern<\/td><td><\/td><\/tr><tr><td>Anschrift:&nbsp;<\/td><td>Ottostr. 10<br>80333&nbsp;M\u00fcnchen<\/td><\/tr><tr><td>Telefon:<\/td><td>089\/551660<\/td><\/tr><tr><td>Fax:<\/td><td>089\/55166234<\/td><\/tr><tr><td>E-Mail:<\/td><td><a href=\"mailto:notarkammer%40notarkasse.de?subject=%20&amp;body=%20\">notarkammer@notarkasse.de<\/a><\/td><\/tr><tr><td>Web:<\/td><td><a href=\"http:\/\/www.notare.bayern.de\/\" target=\"_blank\" rel=\"noreferrer noopener\">http:\/\/www.notare.bayern.de<\/a><\/td><\/tr><\/tbody><\/table><\/figure>\n\n\n\n<h3 class=\"wp-block-heading\">Zust\u00e4ndige Aufsichtsbeh\u00f6rde:<\/h3>\n\n\n\n<figure class=\"wp-block-table is-style-stripes\"><table class=\"has-fixed-layout\"><tbody><tr><td>Der Pr\u00e4sident des&nbsp;Landgerichts N\u00fcrnberg\u2011F\u00fcrth<\/td><td><\/td><\/tr><tr><td>Anschrift:&nbsp;<\/td><td>F\u00fcrther Stra\u00dfe 110<br>90429&nbsp;N\u00fcrnberg<\/td><\/tr><\/tbody><\/table><\/figure>\n\n\n\n<p>Der Berufsstand Notar \/ Notarin unterliegt den unter&nbsp;<a href=\"https:\/\/www.notar.de\/der-notar\/berufsrecht\" target=\"_blank\" rel=\"noreferrer noopener\">https:\/\/www.notar.de\/der-notar\/berufsrecht<\/a>&nbsp;genannten&nbsp; &nbsp; berufsrechtlichen Regelungen.<\/p>\n\n\n\n<h3 class=\"wp-block-heading\">Plattform der EU-Kommission zur Online-Streitbeilegung:<\/h3>\n\n\n\n<p><a href=\"http:\/\/www.ec.europa.eu\/consumers\/odr\" target=\"_blank\" rel=\"noreferrer noopener\">www.ec.europa.eu\/consumers\/odr<\/a><\/p>\n\n\n\n<h2 class=\"wp-block-heading\">Standesorganisationen<\/h2>\n\n\n\n<p>Die Notarkammern als notarielle Standesorganisationen sind K\u00f6rperschaften des \u00f6ffentlichen Rechts. Sie bieten Informationen zu allen Bereichen der notariellen T\u00e4tigkeiten. F\u00fcr diesen Amtsbereich ist zust\u00e4ndig die<\/p>\n\n\n\n<h3 class=\"wp-block-heading\"><strong>Zust\u00e4ndige Notarkammer<\/strong><\/h3>\n\n\n\n<p>Landesnotarkammer Bayern<br>Ottostr. 10<br>80333 M\u00fcnchen<br>Tel. 0 89\/ 55 16 60<br>Fax: 0 89\/ 55 16 62 34<br>E-Mail:\u00a0<a href=\"mailto:notarkammer@notarkasse.de\">notarkammer@notarkasse.de<\/a><br><a href=\"http:\/\/www.notare.bayern.de\/\" target=\"_blank\" rel=\"noreferrer noopener\">http:\/\/www.notare.bayern.de<\/a><\/p>\n\n\n\n<p>Die insgesamt 21 Notarkammern sind in der Bundesnotarkammer zusammengeschlossen. Sie hat ihren Sitz in Berlin und weitere B\u00fcros in K\u00f6ln und Br\u00fcssel. Auf der Homepage der Bundesnotarkammer finden Sie umfangreiche Informationen zu allen notariellen T\u00e4tigkeitsfeldern. Die Bundesnotarkammer betreibt auch das Zentrale Vorsorgeregister.<\/p>\n\n\n\n<h3 class=\"wp-block-heading\"><strong>Bundesnotarkammer K.d.\u00f6.R.\u00a0 <\/strong><\/h3>\n\n\n\n<p>Mohrenstra\u00dfe 34<br>10117 Berlin<br>Tel.: 030\/383866-0<br>Fax: 030\/383866-60<br>E-Mail:\u00a0<a href=\"mailto:bnotk@bnotk.de\">bnotk@bnotk.de<\/a><br><a href=\"http:\/\/www.bnotk.de\/\" target=\"_blank\" rel=\"noreferrer noopener\">http:\/\/www.bnotk.de<\/a><\/p>\n\n\n\n<p>Das Deutsche Notarinstitut ist eine Einrichtung der Bundesnotarkammer, die die Notare bei ihrer t\u00e4glichen Arbeit wissenschaftlich unterst\u00fctzt.<\/p>\n\n\n\n<h3 class=\"wp-block-heading\"><strong>Deutsches Notarinstitut<\/strong><\/h3>\n\n\n\n<p>Gerberstra\u00dfe 19<br>97070 W\u00fcrzburg<br>Tel.:\u00a0 09 31\/35 57 60<br>Fax:\u00a0 09 31\/35 576 225<br>E-Mail:\u00a0<a href=\"mailto:dnoti@dnoti.de\">dnoti@dnoti.de<\/a><br><a href=\"http:\/\/www.dnoti.de\/\" target=\"_blank\" rel=\"noreferrer noopener\">http:\/\/www.dnoti.de<\/a><\/p>\n","protected":false},"excerpt":{"rendered":"<p>Notarin Susanne Schulze Kontaktdaten: Anschrift:&nbsp; Paracelsusstra\u00dfe 192331 Parsberg Telefon: +49 9492 94210 Fax: +49 9492 942121 E-Mail: info@notar-parsberg.de Verantwortlicher \/ Verantwortliche f\u00fcr journalistisch-redaktionelle Texte: Susanne Schulze Notar \/ Notarin: Die gesetzliche Berufsbezeichnung&nbsp;Notar \/ Notarin&nbsp;wurde verliehen in der Bundesrepublik Deutschland (Bayern). Zust\u00e4ndige Notarkammer: Landesnotarkammer Bayern Anschrift:&nbsp; Ottostr. 1080333&nbsp;M\u00fcnchen Telefon: 089\/551660 Fax: 089\/55166234 E-Mail: notarkammer@notarkasse.de Web: http:\/\/www.notare.bayern.de &hellip; <\/p>\n<p class=\"link-more\"><a href=\"https:\/\/www.notar-parsberg.de\/?page_id=268\" class=\"more-link\">Mehr <span class=\"screen-reader-text\">\u00fcber &#8222;Impressum&#8220; <\/span>Lesen<\/a><\/p>\n","protected":false},"author":1,"featured_media":0,"parent":0,"menu_order":0,"comment_status":"closed","ping_status":"closed","template":"","meta":{"inspiro_hide_title":false,"footnotes":""},"class_list":["post-268","page","type-page","status-publish","hentry"],"_links":{"self":[{"href":"https:\/\/www.notar-parsberg.de\/index.php?rest_route=\/wp\/v2\/pages\/268","targetHints":{"allow":["GET"]}}],"collection":[{"href":"https:\/\/www.notar-parsberg.de\/index.php?rest_route=\/wp\/v2\/pages"}],"about":[{"href":"https:\/\/www.notar-parsberg.de\/index.php?rest_route=\/wp\/v2\/types\/page"}],"author":[{"embeddable":true,"href":"https:\/\/www.notar-parsberg.de\/index.php?rest_route=\/wp\/v2\/users\/1"}],"replies":[{"embeddable":true,"href":"https:\/\/www.notar-parsberg.de\/index.php?rest_route=%2Fwp%2Fv2%2Fcomments&post=268"}],"version-history":[{"count":4,"href":"https:\/\/www.notar-parsberg.de\/index.php?rest_route=\/wp\/v2\/pages\/268\/revisions"}],"predecessor-version":[{"id":278,"href":"https:\/\/www.notar-parsberg.de\/index.php?rest_route=\/wp\/v2\/pages\/268\/revisions\/278"}],"wp:attachment":[{"href":"https:\/\/www.notar-parsberg.de\/index.php?rest_route=%2Fwp%2Fv2%2Fmedia&parent=268"}],"curies":[{"name":"wp","href":"https:\/\/api.w.org\/{rel}","templated":true}]}}