{"id":260,"date":"2026-03-14T16:27:12","date_gmt":"2026-03-14T16:27:12","guid":{"rendered":"https:\/\/notariat.hotelsierra.de\/wordpress\/?page_id=260"},"modified":"2026-03-14T16:27:12","modified_gmt":"2026-03-14T16:27:12","slug":"streitvermeidung-schlichtung-und-mediation","status":"publish","type":"page","link":"https:\/\/www.notar-parsberg.de\/?page_id=260","title":{"rendered":"Streitvermeidung, Schlichtung und Mediation"},"content":{"rendered":"\n<p>Ob Scheidungsvereinbarung, Erbauseinandersetzung oder notarielle Vermittlung nach dem Sachenrechtsbereinigungsgesetz: Die Einschaltung des Notars hilft nicht nur, k\u00fcnftigen Streit zu vermeiden, sondern auch einen einmal entstandenen Streit wieder aus der Welt zu schaffen.<br><br>Wir Notare sind als Tr\u00e4ger eines \u00f6ffentlichen Amtes auf dem gesamten Gebiet der vorsorgenden Rechtspflege t\u00e4tig. Durch unsere betreuende und beratende Funktion helfen wir in vielf\u00e4ltiger Weise, Streit von vornherein zu vermeiden oder bereits entstandenen Streit im Wege einer einvernehmlichen L\u00f6sung beizulegen. Aber auch dort, wo keine Einigung m\u00f6glich ist, k\u00f6nnen wir Notare aufgrund unserer unabh\u00e4ngigen und unparteiischen Stellung sowie unserer Fachkunde als Schiedsrichter einen Streit entscheiden. Durch die Einschaltung eines Notars werden so langwierige und kostentr\u00e4chtige Streitigkeiten vor Gericht vermieden.<\/p>\n\n\n\n<p>Bei Vertragsschl\u00fcssen kommen Streitigkeiten unter den verschiedenen Beteiligten eines Vertrages oft gar nicht erst auf, weil Notare als professionelle Berater von vornherein beteiligt sind &#8211; bei der Beratung, der Erstellung von Entw\u00fcrfen, dem eigentlichen Vertragsschluss (Beurkundung) und der Abwicklung (Vollzug). In all diesen Phasen sind wir Notare, anders als der Rechtsanwalt, den Interessen beider Parteien verpflichtet.<\/p>\n\n\n\n<p>Aufgrund unserer gesetzlichen Stellung als unabh\u00e4ngige und unparteiische Betreuer der Beteiligten achten wir auf einen gerechten Interessensausgleich aller Vertragsparteien. Die gesetzlichen Aufkl\u00e4rungs-, Pr\u00fcfungs- und Belehrungspflichten sowie die vorgeschriebenen F\u00f6rmlichkeiten nach dem Beurkundungsgesetz tragen dazu bei, dass offene Fragen und Probleme schon vorab und im Zusammenhang mit dem Vertragsschluss gekl\u00e4rt werden. Die notarielle Urkunde wird klar, unzweifelhaft und ohne offene Punkte formuliert. Als \u00f6ffentliche Urkunde erbringt sie den vollen Beweis des beurkundeten Vorgangs, als Vollstreckungstitel erspart sie den Gang zum Gericht.<\/p>\n\n\n\n<h3 class=\"wp-block-heading\">Vier Vorteile der notariellen Schlichtung\u00a0stechen besonders hervor<\/h3>\n\n\n\n<p>Schlichtung ist mehr als ein Gerichtsverfahren: Die Beteiligten selbst bestimmen das Ergebnis. Es gibt keine Gewinner oder Verlierer.<\/p>\n\n\n\n<ul class=\"wp-block-list\">\n<li>Die Einleitung eines Schlichtungsverfahrens unterbricht die Verj\u00e4hrung &#8211; das bedeutet Zeitgewinn f\u00fcr Verhandlungen.<\/li>\n\n\n\n<li>Aus der Schlichtungsvereinbarung kann unmittelbar vollstreckt werden &#8211; wie aus einem Gerichtsurteil.<\/li>\n\n\n\n<li>Einigungen vor einer unabh\u00e4ngigen Stelle wie dem Notar sind in der Regel schneller, unb\u00fcrokratischer und billiger als ein Gerichtsurteil.<\/li>\n\n\n\n<li>Durch Landesrecht kann vorgeschrieben sein, dass man bei bestimmten Streitigkeiten einen Einigungsversuch bei einem Notar oder einer anderen G\u00fctestelle versucht haben muss, bevor man Klage beim Amtsgericht erheben kann. Von dieser M\u00f6glichkeit haben als erste Bayern und Nordrhein-Westfalen Gebrauch gemacht.<\/li>\n<\/ul>\n\n\n\n<p>Aber auch in allen anderen Streitigkeiten kann jederzeit ein Schlichtungsverfahren, eine sog. Mediation, durchgef\u00fchrt werden. Der Notar hilft unparteiisch, eine f\u00fcr beide Seiten tragf\u00e4hige L\u00f6sung zu finden. Sofern die Beteiligten dies w\u00fcnschen, formuliert er die Einigung in rechtlich eindeutiger Weise und k\u00fcmmert sich um deren praktischen Vollzug. So ist der Erfolg der Schlichtung auch in rechtlicher und wirtschaftlicher Hinsicht gesichert.<\/p>\n\n\n\n<p>Um dem schlichtenden Notar sowie den Schlichtungsparteien einen Leitfaden f\u00fcr den f\u00f6rmlichen Ablauf eines Schlichtungsverfahrens an die Hand zu geben, hat die Bundesnotarkammer eine G\u00fcteordnung beschlossen.<\/p>\n","protected":false},"excerpt":{"rendered":"<p>Ob Scheidungsvereinbarung, Erbauseinandersetzung oder notarielle Vermittlung nach dem Sachenrechtsbereinigungsgesetz: Die Einschaltung des Notars hilft nicht nur, k\u00fcnftigen Streit zu vermeiden, sondern auch einen einmal entstandenen Streit wieder aus der Welt zu schaffen. Wir Notare sind als Tr\u00e4ger eines \u00f6ffentlichen Amtes auf dem gesamten Gebiet der vorsorgenden Rechtspflege t\u00e4tig. Durch unsere betreuende und beratende Funktion helfen &hellip; <\/p>\n<p class=\"link-more\"><a href=\"https:\/\/www.notar-parsberg.de\/?page_id=260\" class=\"more-link\">Mehr <span class=\"screen-reader-text\">\u00fcber &#8222;Streitvermeidung, Schlichtung und Mediation&#8220; <\/span>Lesen<\/a><\/p>\n","protected":false},"author":1,"featured_media":0,"parent":0,"menu_order":0,"comment_status":"closed","ping_status":"closed","template":"","meta":{"inspiro_hide_title":false,"footnotes":""},"class_list":["post-260","page","type-page","status-publish","hentry"],"_links":{"self":[{"href":"https:\/\/www.notar-parsberg.de\/index.php?rest_route=\/wp\/v2\/pages\/260","targetHints":{"allow":["GET"]}}],"collection":[{"href":"https:\/\/www.notar-parsberg.de\/index.php?rest_route=\/wp\/v2\/pages"}],"about":[{"href":"https:\/\/www.notar-parsberg.de\/index.php?rest_route=\/wp\/v2\/types\/page"}],"author":[{"embeddable":true,"href":"https:\/\/www.notar-parsberg.de\/index.php?rest_route=\/wp\/v2\/users\/1"}],"replies":[{"embeddable":true,"href":"https:\/\/www.notar-parsberg.de\/index.php?rest_route=%2Fwp%2Fv2%2Fcomments&post=260"}],"version-history":[{"count":1,"href":"https:\/\/www.notar-parsberg.de\/index.php?rest_route=\/wp\/v2\/pages\/260\/revisions"}],"predecessor-version":[{"id":261,"href":"https:\/\/www.notar-parsberg.de\/index.php?rest_route=\/wp\/v2\/pages\/260\/revisions\/261"}],"wp:attachment":[{"href":"https:\/\/www.notar-parsberg.de\/index.php?rest_route=%2Fwp%2Fv2%2Fmedia&parent=260"}],"curies":[{"name":"wp","href":"https:\/\/api.w.org\/{rel}","templated":true}]}}