{"id":258,"date":"2026-03-14T16:25:53","date_gmt":"2026-03-14T16:25:53","guid":{"rendered":"https:\/\/notariat.hotelsierra.de\/wordpress\/?page_id=258"},"modified":"2026-03-14T16:25:53","modified_gmt":"2026-03-14T16:25:53","slug":"vorsorgevollmacht-und-patientenverfuegung","status":"publish","type":"page","link":"https:\/\/www.notar-parsberg.de\/?page_id=258","title":{"rendered":"Vorsorgevollmacht und Patientenverf\u00fcgung"},"content":{"rendered":"\n<p>Eine pl\u00f6tzliche oder altersbedingte Krankheit oder ein Unfall k\u00f6nnen nicht nur zu wesentlichen Ver\u00e4nderungen in der allgemeinen pers\u00f6nlichen Lebensgestaltung f\u00fchren. Krankheit und Unfall k\u00f6nnen auch zur Folge haben, dass man seine pers\u00f6nlichen Dinge (rechtlich)\u00a0nicht mehr selbst\u00a0regeln kann und auf die Mitwirkung anderer angewiesen ist.<\/p>\n\n\n\n<p>Der n\u00e4chste Verwandte bzw. der Ehegatte oder der Lebensgef\u00e4hrte kann in solchen Situationen\u00a0nicht automatisch\u00a0f\u00fcr die betroffene Person handeln und entscheiden. Es ist daher ratsam, f\u00fcr solche F\u00e4lle Vorsorge zu treffen. So kann vor allem vermieden werden, dass andere fremde Personen allein \u00fcber das eigene weitere Befinden entscheiden.<\/p>\n\n\n\n<p>Wir Notare bereiten f\u00fcr diese Notf\u00e4lle als Vorsorge\u00a0auf den konkreten Einzelfall abgestimmte\u00a0Vollmachten und andere Anordnungen vor. So wird die Gew\u00e4hr geboten, dass die ausgesprochenen Vollmachten und weiteren Anordnungen im Notfall auch Geltung erlangen. Im Wesentlichen stehen folgende Vollmachten und Anordnungen zur Verf\u00fcgung:<\/p>\n\n\n\n<ul class=\"wp-block-list\">\n<li>Generalvollmacht,<\/li>\n\n\n\n<li>Vorsorgevollmacht,<\/li>\n\n\n\n<li>Betreuungsverf\u00fcgung und<\/li>\n\n\n\n<li>Patientenverf\u00fcgung.<\/li>\n<\/ul>\n\n\n\n<p>Die Vorsorgeurkunden werden im\u00a0<a href=\"http:\/\/www.vorsorgeregister.de\/\" target=\"_blank\" rel=\"noreferrer noopener\">Zentralen Vorsorgeregister<\/a>\u00a0bei der Bundesnotarkammer in Berlin\u00a0registriert, damit sie im Fall der F\u00e4lle auch gefunden und beachtet werden: Das Zentrale Vorsorgeregister wird inzwischen mehr als 20.000 Mal im Monat von Betreuungsgerichten aus ganz Deutschland abgefragt. Mehr als\u00a01,1 Mio. Vorsorgeurkunden\u00a0sind dort bereits registriert.<\/p>\n\n\n\n<ul class=\"wp-block-list\">\n<li>Glossar der Bundesnotarkammer zur\u00a0<a href=\"https:\/\/www.vorsorgeregister.de\/fileadmin\/user_upload_zvr\/Dokumente\/Informationsmaterialien_ZVR\/Glossar_Vorsorgevollmacht-Patientenverfuegung.pdf\" target=\"_blank\" rel=\"noreferrer noopener\">Vorsorgevollmacht und Patientenverf\u00fcgung<\/a><\/li>\n\n\n\n<li>Faltblatt der Bundesnotarkammer zum\u00a0<a href=\"https:\/\/www.vorsorgeregister.de\/fileadmin\/user_upload_zvr\/Dokumente\/Informationsmaterialien_ZVR\/Faltblatt_ZVR.pdf\" target=\"_blank\" rel=\"noreferrer noopener\">Zentralen Vorsorgeregister<\/a><\/li>\n\n\n\n<li>Merkblatt der Bundesnotarkammer zur\u00a0<a href=\"https:\/\/www.vorsorgeregister.de\/fileadmin\/user_upload_zvr\/Dokumente\/Informationsmaterialien_ZVR\/Merkblatt_ZVR-Ausweis.pdf\" target=\"_blank\" rel=\"noreferrer noopener\">ZVR-CARD<\/a><\/li>\n<\/ul>\n\n\n\n<p><\/p>\n","protected":false},"excerpt":{"rendered":"<p>Eine pl\u00f6tzliche oder altersbedingte Krankheit oder ein Unfall k\u00f6nnen nicht nur zu wesentlichen Ver\u00e4nderungen in der allgemeinen pers\u00f6nlichen Lebensgestaltung f\u00fchren. Krankheit und Unfall k\u00f6nnen auch zur Folge haben, dass man seine pers\u00f6nlichen Dinge (rechtlich)\u00a0nicht mehr selbst\u00a0regeln kann und auf die Mitwirkung anderer angewiesen ist. Der n\u00e4chste Verwandte bzw. der Ehegatte oder der Lebensgef\u00e4hrte kann in &hellip; <\/p>\n<p class=\"link-more\"><a href=\"https:\/\/www.notar-parsberg.de\/?page_id=258\" class=\"more-link\">Mehr <span class=\"screen-reader-text\">\u00fcber &#8222;Vorsorgevollmacht und Patientenverf\u00fcgung&#8220; <\/span>Lesen<\/a><\/p>\n","protected":false},"author":1,"featured_media":0,"parent":0,"menu_order":0,"comment_status":"closed","ping_status":"closed","template":"","meta":{"inspiro_hide_title":false,"footnotes":""},"class_list":["post-258","page","type-page","status-publish","hentry"],"_links":{"self":[{"href":"https:\/\/www.notar-parsberg.de\/index.php?rest_route=\/wp\/v2\/pages\/258","targetHints":{"allow":["GET"]}}],"collection":[{"href":"https:\/\/www.notar-parsberg.de\/index.php?rest_route=\/wp\/v2\/pages"}],"about":[{"href":"https:\/\/www.notar-parsberg.de\/index.php?rest_route=\/wp\/v2\/types\/page"}],"author":[{"embeddable":true,"href":"https:\/\/www.notar-parsberg.de\/index.php?rest_route=\/wp\/v2\/users\/1"}],"replies":[{"embeddable":true,"href":"https:\/\/www.notar-parsberg.de\/index.php?rest_route=%2Fwp%2Fv2%2Fcomments&post=258"}],"version-history":[{"count":1,"href":"https:\/\/www.notar-parsberg.de\/index.php?rest_route=\/wp\/v2\/pages\/258\/revisions"}],"predecessor-version":[{"id":259,"href":"https:\/\/www.notar-parsberg.de\/index.php?rest_route=\/wp\/v2\/pages\/258\/revisions\/259"}],"wp:attachment":[{"href":"https:\/\/www.notar-parsberg.de\/index.php?rest_route=%2Fwp%2Fv2%2Fmedia&parent=258"}],"curies":[{"name":"wp","href":"https:\/\/api.w.org\/{rel}","templated":true}]}}