{"id":256,"date":"2026-03-14T16:23:43","date_gmt":"2026-03-14T16:23:43","guid":{"rendered":"https:\/\/notariat.hotelsierra.de\/wordpress\/?page_id=256"},"modified":"2026-03-14T16:23:43","modified_gmt":"2026-03-14T16:23:43","slug":"ehe-partnerschaft-und-familie","status":"publish","type":"page","link":"https:\/\/www.notar-parsberg.de\/?page_id=256","title":{"rendered":"Ehe, Partnerschaft und Familie\u00a0\u00a0"},"content":{"rendered":"\n<p>Die Begr\u00fcndung einer Lebensgemeinschaft, ehelich oder nichtehelich, z\u00e4hlt vermutlich zu den wichtigsten Entscheidungen in Ihrem Leben. F\u00fcr den gemeinsamen Lebensweg bietet das Gesetz in erster Linie die Ehe an. Gleichgeschlechtlichen Paaren steht die eingetragene Lebenspartnerschaft offen. Daneben finden sich in zunehmender Zahl auch sog. nichteheliche Lebensgemeinschaften.<\/p>\n\n\n\n<p>Das Zusammenleben wirft zahlreiche Fragen auf, die bedacht werden sollten, wie zum Beispiel:&nbsp; &nbsp;<\/p>\n\n\n\n<ul class=\"wp-block-list\">\n<li>Was geschieht mit dem alleinigen, was mit dem beiderseitigen Verm\u00f6gen?<\/li>\n\n\n\n<li>Soll Verm\u00f6gen (z.B. Grundbesitz) gemeinsam oder alleine erworben werden und welche steuerlichen Konsequenzen ergeben sich daraus?<\/li>\n\n\n\n<li>Hafte ich f\u00fcr die Schulden meines Partners?<\/li>\n\n\n\n<li>Bin ich im Alter abgesichert?<\/li>\n\n\n\n<li>Stehen mir Zahlungen bei Krankheit und Erwerbsunf\u00e4higkeit zu oder muss ich Anspr\u00fcche meines Partners erwarten?<\/li>\n\n\n\n<li>Welche Rechte und Pflichten habe ich bez\u00fcglich gemeinsamer Kinder?<\/li>\n\n\n\n<li>Was geschieht im Falle der Trennung?<\/li>\n\n\n\n<li>Welche Rechte habe ich im Todesfall?<\/li>\n\n\n\n<li>Was gilt f\u00fcr den Fall einer &#8222;internationalen Ehe&#8220;?<\/li>\n<\/ul>\n\n\n\n<p>Die Antworten auf diese Fragen fallen h\u00f6chst unterschiedlich aus, abh\u00e4ngig davon, ob die Partner in ehelicher, lebenspartnerschaftlicher oder in nichtehelicher Gemeinschaft zusammenleben. Das Gesetz bietet jedoch die M\u00f6glichkeit, individuelle Vereinbarungen zu treffen und selbst\u00e4ndig die passende Regelung zu w\u00e4hlen.<\/p>\n\n\n\n<p>Voraussetzung ist dabei die genaue Kenntnis der Gesetzeslage. Wir Notare k\u00f6nnen als unparteiische Berater diese Kenntnis vermitteln und einen vern\u00fcnftigen und ausgewogenen Vertrag anbieten. Wir verhelfen Ihnen zu einem ma\u00dfgeschneiderten &#8222;rechtlichen Kleid&#8220; f\u00fcr Ihre pers\u00f6nliche Lebenssituation.<\/p>\n\n\n\n<p>Aber auch in Bezug auf das Verh\u00e4ltnis zwischen Eltern und Kindern, einschlie\u00dflich Fragen zur Adoption sind wir der richtige Ansprechpartner: Wir helfen Ihnen gern.<\/p>\n","protected":false},"excerpt":{"rendered":"<p>Die Begr\u00fcndung einer Lebensgemeinschaft, ehelich oder nichtehelich, z\u00e4hlt vermutlich zu den wichtigsten Entscheidungen in Ihrem Leben. F\u00fcr den gemeinsamen Lebensweg bietet das Gesetz in erster Linie die Ehe an. Gleichgeschlechtlichen Paaren steht die eingetragene Lebenspartnerschaft offen. Daneben finden sich in zunehmender Zahl auch sog. nichteheliche Lebensgemeinschaften. Das Zusammenleben wirft zahlreiche Fragen auf, die bedacht werden &hellip; <\/p>\n<p class=\"link-more\"><a href=\"https:\/\/www.notar-parsberg.de\/?page_id=256\" class=\"more-link\">Mehr <span class=\"screen-reader-text\">\u00fcber &#8222;Ehe, Partnerschaft und Familie\u00a0\u00a0&#8220; <\/span>Lesen<\/a><\/p>\n","protected":false},"author":1,"featured_media":0,"parent":0,"menu_order":0,"comment_status":"closed","ping_status":"closed","template":"","meta":{"inspiro_hide_title":false,"footnotes":""},"class_list":["post-256","page","type-page","status-publish","hentry"],"_links":{"self":[{"href":"https:\/\/www.notar-parsberg.de\/index.php?rest_route=\/wp\/v2\/pages\/256","targetHints":{"allow":["GET"]}}],"collection":[{"href":"https:\/\/www.notar-parsberg.de\/index.php?rest_route=\/wp\/v2\/pages"}],"about":[{"href":"https:\/\/www.notar-parsberg.de\/index.php?rest_route=\/wp\/v2\/types\/page"}],"author":[{"embeddable":true,"href":"https:\/\/www.notar-parsberg.de\/index.php?rest_route=\/wp\/v2\/users\/1"}],"replies":[{"embeddable":true,"href":"https:\/\/www.notar-parsberg.de\/index.php?rest_route=%2Fwp%2Fv2%2Fcomments&post=256"}],"version-history":[{"count":1,"href":"https:\/\/www.notar-parsberg.de\/index.php?rest_route=\/wp\/v2\/pages\/256\/revisions"}],"predecessor-version":[{"id":257,"href":"https:\/\/www.notar-parsberg.de\/index.php?rest_route=\/wp\/v2\/pages\/256\/revisions\/257"}],"wp:attachment":[{"href":"https:\/\/www.notar-parsberg.de\/index.php?rest_route=%2Fwp%2Fv2%2Fmedia&parent=256"}],"curies":[{"name":"wp","href":"https:\/\/api.w.org\/{rel}","templated":true}]}}