{"id":243,"date":"2026-03-14T16:11:22","date_gmt":"2026-03-14T16:11:22","guid":{"rendered":"https:\/\/notariat.hotelsierra.de\/wordpress\/?page_id=243"},"modified":"2026-03-14T16:12:16","modified_gmt":"2026-03-14T16:12:16","slug":"kosten","status":"publish","type":"page","link":"https:\/\/www.notar-parsberg.de\/?page_id=243","title":{"rendered":"Kosten"},"content":{"rendered":"\n<h2 class=\"wp-block-heading\">Berechnung der Notarkosten<\/h2>\n\n\n\n<h3 class=\"wp-block-heading\"><strong>Wertgeb\u00fchren<\/strong><\/h3>\n\n\n\n<p>Die H\u00f6he der Notarkosten richtet sich ausschlie\u00dflich nach Bedeutung und Wert des Gesch\u00e4fts und nicht nach dem Arbeitsaufwand des Notars. F\u00fcr jede Amtst\u00e4tigkeit des Notars sieht das bundesweit einheitliche Gerichts- und Notarkostengesetz (GNotKG) einen bestimmten Geb\u00fchrensatz vor. Ausgehend vom jeweiligen Geb\u00fchrensatz errechnet sich die konkrete Geb\u00fchr nach der vom Gesch\u00e4ftswert abh\u00e4ngigen Geb\u00fchrenstaffelung. Die Beurkundungsgeb\u00fchr umfasst dabei die umfassende Beratung durch den Notar, die Entwurfsfertigung sowie die Beurkundung im engeren Sinne.<\/p>\n\n\n\n<h3 class=\"wp-block-heading\"><strong>Geb\u00fchrensatz<\/strong><\/h3>\n\n\n\n<p>F\u00fcr einseitige Erkl\u00e4rungen muss die volle Geb\u00fchr (1,0) berechnet werden, f\u00fcr Vertr\u00e4ge und Beschl\u00fcsse kommt die doppelte Geb\u00fchr (2,0) zum Ansatz. F\u00fcr Betreuungs- und Vollzugst\u00e4tigkeiten des Notars betr\u00e4gt der Geb\u00fchrensatz oft 0,5. Beschr\u00e4nkt sich die Vollzugst\u00e4tigkeit des Notars aber beispielsweise auf die Einholung eines Vorkaufsrechtszeugnisses nach \u00a7 28 Abs. 1 des Baugesetzbuchs, betr\u00e4gt die Geb\u00fchr h\u00f6chstens 50,&#8211; \u20ac.<\/p>\n\n\n\n<h3 class=\"wp-block-heading\"><strong>Gesch\u00e4ftswert<\/strong><\/h3>\n\n\n\n<p>Das GNotKG legt fest, wie der Gesch\u00e4ftswert f\u00fcr die Geb\u00fchrenberechnung zu ermitteln ist. Dies ist zum Beispiel bei einem Kaufvertrag regelm\u00e4\u00dfig der Kaufpreis, bei Generalvollmachten das Bruttoverm\u00f6gen des Vollmachtgebers und bei Testamenten das Reinverm\u00f6gen des Erblassers, wobei Schulden nur bis maximal zur H\u00e4lfte des Aktivverm\u00f6gens abzugsf\u00e4hig sind.<\/p>\n\n\n\n<h3 class=\"wp-block-heading\"><strong>Geb\u00fchrenrechner<\/strong><\/h3>\n\n\n\n<p>Die H\u00f6he der Notargeb\u00fchren kann mit Hilfe eines von der Bundesnotarkammer erstellten\u00a0<a href=\"https:\/\/www.notar.de\/themen\/notarkosten\/gebuehrenrechner\" target=\"_blank\" rel=\"noreferrer noopener\">Geb\u00fchrenrechners<\/a>\u00a0ermittelt werden.<\/p>\n\n\n\n<h3 class=\"wp-block-heading\"><strong>Gesch\u00e4ftspr\u00fcfung<\/strong><\/h3>\n\n\n\n<p>Gegenstand der regelm\u00e4\u00dfigen Gesch\u00e4ftspr\u00fcfungen durch den Pr\u00e4sidenten des Landgerichts bzw. die Pr\u00fcfungsabteilung der Notarkasse ist auch der ordnungsgem\u00e4\u00dfe Kostenansatz. Bei Unregelm\u00e4\u00dfigkeiten ist der Notar verpflichtet, Geb\u00fchren nachzufordern oder zur\u00fcckzuerstatten. Falsche Wertangaben der Beteiligten sind strafbar.<\/p>\n\n\n\n<h2 class=\"wp-block-heading\">Beispielberechnungen\u00a0\u00a0<\/h2>\n\n\n\n<p>Notarielle Urkunden haben h\u00e4ufig\u00a0handfeste Kostenvorteile:\u00a0 So ersetzt das vom Notar beurkundete Testament in der Regel den ansonsten erforderlichen Erbschein. Der Erbschein kostet aber im Ergebnis\u00a0fast doppelt so viel\u00a0wie Beratung, Entwurf sowie Beurkundung des Testaments durch den Notar. Dabei erteilen wir Notare nicht nur professionellen Rat hinsichtlich Erbeinsetzung, Verm\u00e4chtnissen und Teilungsanordnungen, sondern errichten dar\u00fcber eine \u00f6ffentliche Urkunde mit besonderer Beweiskraft. So wird sichergestellt, dass die letztwillige Verf\u00fcgung nicht verschwindet und im Todesfall aufgefunden wird.<br><br>Geb\u00fchren f\u00fcr den Entwurf einer Urkunde werden nur dann in Rechnung gestellt, wenn es nicht zur Beurkundung durch den Notar kommt. Fertigt ein Dritter, z.B. ein Rechtsanwalt, einen Entwurf, so f\u00e4llt auch in diesem Fall die \u00fcbliche Beurkundungsgeb\u00fchr an.<br><br>Auf\u00a0<a href=\"https:\/\/www.notar.de\/\" target=\"_blank\" rel=\"noreferrer noopener\">notar.de<\/a>, dem Informationsportal\u00a0der Bundesnotarkammer, finden Sie konkrete Berechnungsbeispiele zu\u00a0<a href=\"https:\/\/www.notar.de\/themen\/notarkosten\/beispiele\" target=\"_blank\" rel=\"noreferrer noopener\">Notarkosten<\/a>.\u00a0Bitte beachten Sie, dass im Einzelfall andere Auslagen entstehen k\u00f6nnen. Die dort aufgef\u00fchrten Berechnungsbeispiele erfassen nur typische, wenn auch sorgf\u00e4ltig zusammengestellte Fallkonstellationen. Aus versehentlichen Fehlern in den Berechnungsbeispielen k\u00f6nnen also gegen\u00fcber dem einzelnen Notar oder der Bundesnotarkammer keine Anspr\u00fcche hergeleitet werden.\u00a0\u00a0<\/p>\n\n\n\n<p><\/p>\n","protected":false},"excerpt":{"rendered":"<p>Berechnung der Notarkosten Wertgeb\u00fchren Die H\u00f6he der Notarkosten richtet sich ausschlie\u00dflich nach Bedeutung und Wert des Gesch\u00e4fts und nicht nach dem Arbeitsaufwand des Notars. F\u00fcr jede Amtst\u00e4tigkeit des Notars sieht das bundesweit einheitliche Gerichts- und Notarkostengesetz (GNotKG) einen bestimmten Geb\u00fchrensatz vor. Ausgehend vom jeweiligen Geb\u00fchrensatz errechnet sich die konkrete Geb\u00fchr nach der vom Gesch\u00e4ftswert abh\u00e4ngigen &hellip; <\/p>\n<p class=\"link-more\"><a href=\"https:\/\/www.notar-parsberg.de\/?page_id=243\" class=\"more-link\">Mehr <span class=\"screen-reader-text\">\u00fcber &#8222;Kosten&#8220; <\/span>Lesen<\/a><\/p>\n","protected":false},"author":1,"featured_media":0,"parent":0,"menu_order":0,"comment_status":"closed","ping_status":"closed","template":"","meta":{"inspiro_hide_title":false,"footnotes":""},"class_list":["post-243","page","type-page","status-publish","hentry"],"_links":{"self":[{"href":"https:\/\/www.notar-parsberg.de\/index.php?rest_route=\/wp\/v2\/pages\/243","targetHints":{"allow":["GET"]}}],"collection":[{"href":"https:\/\/www.notar-parsberg.de\/index.php?rest_route=\/wp\/v2\/pages"}],"about":[{"href":"https:\/\/www.notar-parsberg.de\/index.php?rest_route=\/wp\/v2\/types\/page"}],"author":[{"embeddable":true,"href":"https:\/\/www.notar-parsberg.de\/index.php?rest_route=\/wp\/v2\/users\/1"}],"replies":[{"embeddable":true,"href":"https:\/\/www.notar-parsberg.de\/index.php?rest_route=%2Fwp%2Fv2%2Fcomments&post=243"}],"version-history":[{"count":3,"href":"https:\/\/www.notar-parsberg.de\/index.php?rest_route=\/wp\/v2\/pages\/243\/revisions"}],"predecessor-version":[{"id":246,"href":"https:\/\/www.notar-parsberg.de\/index.php?rest_route=\/wp\/v2\/pages\/243\/revisions\/246"}],"wp:attachment":[{"href":"https:\/\/www.notar-parsberg.de\/index.php?rest_route=%2Fwp%2Fv2%2Fmedia&parent=243"}],"curies":[{"name":"wp","href":"https:\/\/api.w.org\/{rel}","templated":true}]}}