{"id":237,"date":"2026-03-14T16:07:03","date_gmt":"2026-03-14T16:07:03","guid":{"rendered":"https:\/\/notariat.hotelsierra.de\/wordpress\/?page_id=237"},"modified":"2026-03-14T16:07:03","modified_gmt":"2026-03-14T16:07:03","slug":"immobilien","status":"publish","type":"page","link":"https:\/\/www.notar-parsberg.de\/?page_id=237","title":{"rendered":"Immobilien"},"content":{"rendered":"\n<p>Der Kauf oder Verkauf einer Immobilie stellt f\u00fcr die meisten Beteiligten allein von der finanziellen Bedeutung alle anderen Gesch\u00e4fte in den Schatten. Erhebliche Betr\u00e4ge des ersparten Verm\u00f6gens m\u00fcssen investiert und zus\u00e4tzlich Darlehen aufgenommen werden. Auch f\u00fcr den Verk\u00e4ufer ist der Grundbesitz h\u00e4ufig der bedeutendste Gegenstand des eigenen Verm\u00f6gens.<\/p>\n\n\n\n<p>Damit K\u00e4ufer und Verk\u00e4ufer bei einem solch wichtigen Vorgang sachgem\u00e4\u00df beraten werden und um Risiken zu vermeiden, ist die Mitwirkung des Notars vorgesehen. Der Notar sorgt f\u00fcr eine rechtlich ausgewogene Gestaltung und hilft Risiken zu vermeiden, er besorgt die f\u00fcr den Vollzug erforderlichen Unterlagen und \u00fcberwacht die Eigentumsumschreibung im Grundbuch auf den K\u00e4ufer.<\/p>\n\n\n\n<p>So muss beispielsweise verhindert werden, dass der K\u00e4ufer den Kaufpreis zahlt, ohne aber die Immobilie zu erhalten. Auf der anderen Seite darf der Verk\u00e4ufer seine Immobilie nicht verlieren, ohne den Kaufpreis zu erhalten. Der Notar bespricht mit den Vertragsbeteiligten ihre Zielvorstellungen, informiert sie \u00fcber die Regelungsm\u00f6glichkeiten und erstellt darauf aufbauend einen sachgerechten und ausgewogenen Entwurf eines Kaufvertrages.<\/p>\n\n\n\n<p>Immobilienkaufvertr\u00e4ge k\u00f6nnen z.B. den Erwerb eines Bauplatzes, eines Ein- oder Mehrfamilienhauses, einer Eigentumswohnung oder auch eines Erbbaurechts betreffen. Die Besonderheiten eines Objekts wirken sich auf die Gestaltung eines Vertrages aus. Dies gilt insbesondere f\u00fcr einen sogenannten Bautr\u00e4gervertrag, mit dem der K\u00e4ufer ein Grundst\u00fcck oder einen Grundst\u00fccksanteil in Verbindung mit einem Geb\u00e4ude &#8211; Haus oder Wohnung &#8211; erwirbt, das erst noch gebaut wird. Bauherr dieser Immobilie ist dabei der Verk\u00e4ufer.<\/p>\n\n\n\n<p>Folgende Aspekte regelt Ihre Notarin \/ Ihr Notar in jedem Immobilienkaufvertrag:<\/p>\n\n\n\n<ul class=\"wp-block-list\">\n<li>Sicherung von K\u00e4ufer und Verk\u00e4ufer,<\/li>\n\n\n\n<li>L\u00f6schung oder Fortbestand von Belastungen,<\/li>\n\n\n\n<li>Gew\u00e4hrleistung f\u00fcr M\u00e4ngel,<\/li>\n\n\n\n<li>\u00dcbergang von Besitz, Nutzungen und Lasten,<\/li>\n\n\n\n<li>Aufteilung der Erschlie\u00dfungskosten und das<\/li>\n\n\n\n<li>Erfordernis einer Vermessung (Teilfl\u00e4chenkauf).<\/li>\n<\/ul>\n\n\n\n<p>Die Finanzierung sollte vor der Beurkundung feststehen. Wird ein Bankdarlehen in Anspruch genommen, sollte der K\u00e4ufer mit seiner Bank besprechen, wann das Darlehen ausgezahlt werden kann. Der Notar wird dann die Regelung der F\u00e4lligkeit des Kaufpreises auf den Auszahlungszeitpunkt abstimmen. Ist die Finanzierung des Kaufpreises bei Abschluss des Kaufvertrages schon im Einzelnen gekl\u00e4rt, kann das zur Absicherung des Darlehens dienende Grundpfandrecht (Grundschuld oder Hypothek) unmittelbar im Anschluss an den Kaufvertrag beurkundet werden.<\/p>\n\n\n\n<ul class=\"wp-block-list\">\n<li><a href=\"https:\/\/www.notar-parsberg.de\/wp-content\/uploads\/2026\/03\/Glossar_Grundstueckskaufvertraege.pdf\" target=\"_blank\" rel=\"noreferrer noopener\">Glossar der Bundesnotarkammer zu\u00a0Grundst\u00fcckskaufvertr\u00e4gen<\/a><\/li>\n\n\n\n<li><a href=\"https:\/\/www.notar-parsberg.de\/wp-content\/uploads\/2026\/03\/Info_Kauf-eines-gebrauchten-Hauses.pdf\" target=\"_blank\" rel=\"noreferrer noopener\">Merkblatt der Bundesnotarkammer zum\u00a0Kauf eines gebrauchten Hauses<\/a><\/li>\n\n\n\n<li><a href=\"https:\/\/www.notar-parsberg.de\/wp-content\/uploads\/2026\/03\/Glossar_Wohnungskauf-Bautraegervertraege.pdf\" target=\"_blank\" rel=\"noreferrer noopener\">Glossar der Bundesnotarkammer zu\u00a0Wohnungs- und Bautr\u00e4gerkaufvertr\u00e4gen<\/a><\/li>\n<\/ul>\n\n\n\n<p><\/p>\n","protected":false},"excerpt":{"rendered":"<p>Der Kauf oder Verkauf einer Immobilie stellt f\u00fcr die meisten Beteiligten allein von der finanziellen Bedeutung alle anderen Gesch\u00e4fte in den Schatten. Erhebliche Betr\u00e4ge des ersparten Verm\u00f6gens m\u00fcssen investiert und zus\u00e4tzlich Darlehen aufgenommen werden. Auch f\u00fcr den Verk\u00e4ufer ist der Grundbesitz h\u00e4ufig der bedeutendste Gegenstand des eigenen Verm\u00f6gens. Damit K\u00e4ufer und Verk\u00e4ufer bei einem solch &hellip; <\/p>\n<p class=\"link-more\"><a href=\"https:\/\/www.notar-parsberg.de\/?page_id=237\" class=\"more-link\">Mehr <span class=\"screen-reader-text\">\u00fcber &#8222;Immobilien&#8220; <\/span>Lesen<\/a><\/p>\n","protected":false},"author":1,"featured_media":0,"parent":0,"menu_order":0,"comment_status":"closed","ping_status":"closed","template":"","meta":{"inspiro_hide_title":false,"footnotes":""},"class_list":["post-237","page","type-page","status-publish","hentry"],"_links":{"self":[{"href":"https:\/\/www.notar-parsberg.de\/index.php?rest_route=\/wp\/v2\/pages\/237","targetHints":{"allow":["GET"]}}],"collection":[{"href":"https:\/\/www.notar-parsberg.de\/index.php?rest_route=\/wp\/v2\/pages"}],"about":[{"href":"https:\/\/www.notar-parsberg.de\/index.php?rest_route=\/wp\/v2\/types\/page"}],"author":[{"embeddable":true,"href":"https:\/\/www.notar-parsberg.de\/index.php?rest_route=\/wp\/v2\/users\/1"}],"replies":[{"embeddable":true,"href":"https:\/\/www.notar-parsberg.de\/index.php?rest_route=%2Fwp%2Fv2%2Fcomments&post=237"}],"version-history":[{"count":1,"href":"https:\/\/www.notar-parsberg.de\/index.php?rest_route=\/wp\/v2\/pages\/237\/revisions"}],"predecessor-version":[{"id":241,"href":"https:\/\/www.notar-parsberg.de\/index.php?rest_route=\/wp\/v2\/pages\/237\/revisions\/241"}],"wp:attachment":[{"href":"https:\/\/www.notar-parsberg.de\/index.php?rest_route=%2Fwp%2Fv2%2Fmedia&parent=237"}],"curies":[{"name":"wp","href":"https:\/\/api.w.org\/{rel}","templated":true}]}}