{"id":20,"date":"2026-03-14T09:00:22","date_gmt":"2026-03-14T09:00:22","guid":{"rendered":"https:\/\/notariat.hotelsierra.de\/wordpress\/?page_id=20"},"modified":"2026-03-14T15:50:19","modified_gmt":"2026-03-14T15:50:19","slug":"notariat","status":"publish","type":"page","link":"https:\/\/www.notar-parsberg.de\/?page_id=20","title":{"rendered":"Notariat"},"content":{"rendered":"\n<h2 class=\"wp-block-heading\">Der Notarbesuch<\/h2>\n\n\n\n<p>Wir setzen alles daran, Ihren Notarbesuch so effektiv und angenehm wie m\u00f6glich zu gestalten. Hierbei k\u00f6nnen Sie uns unterst\u00fctzen, indem Sie sich auf Ihren Termin vorbereiten.&nbsp;&nbsp;<\/p>\n\n\n\n<figure class=\"wp-block-image aligncenter size-full\"><img loading=\"lazy\" decoding=\"async\" width=\"600\" height=\"399\" src=\"https:\/\/www.notar-parsberg.de\/wp-content\/uploads\/2026\/03\/bild_notariat_parsberg_innen.jpg\" alt=\"\" class=\"wp-image-21\" srcset=\"https:\/\/www.notar-parsberg.de\/wp-content\/uploads\/2026\/03\/bild_notariat_parsberg_innen.jpg 600w, https:\/\/www.notar-parsberg.de\/wp-content\/uploads\/2026\/03\/bild_notariat_parsberg_innen-300x200.jpg 300w\" sizes=\"auto, (max-width: 600px) 100vw, 600px\" \/><figcaption class=\"wp-element-caption\">Ihr Notariat Parsberg<\/figcaption><\/figure>\n\n\n\n<h2 class=\"wp-block-heading\">F\u00fcr Besprechungstermine<\/h2>\n\n\n\n<p>Es kann hilfreich sein, sich vorab mit dem Thema der Besprechung zu besch\u00e4ftigen. Hierzu k\u00f6nnen Ihnen insbesondere die auf dieser Homepage im Bereich&nbsp;Leistungen hinterlegten <a href=\"https:\/\/www.notar-parsberg.de\/?page_id=123\" data-type=\"page\" data-id=\"123\">Informationsbl\u00e4tter<\/a>&nbsp;und die im Bereich Formular hinterlegten <a href=\"https:\/\/www.notar-parsberg.de\/?page_id=120\" data-type=\"page\" data-id=\"120\">Checklisten<\/a> dienen. Die&nbsp;<a href=\"https:\/\/www.notar-parsberg.de\/?page_id=120\" data-type=\"page\" data-id=\"120\">Checklisten<\/a> d\u00fcrfen Sie gerne&nbsp;so weit wie m\u00f6glich&nbsp;ausgef\u00fcllt zur Besprechung mitbringen, so dass uns alle notwendigen Daten zur Verf\u00fcgung stehen.<br><br>Soweit vorhanden erleichtern Sie uns die Informationsaufnahme, wenn Sie folgende Dokumente mitbringen:<\/p>\n\n\n\n<ul class=\"wp-block-list\">\n<li>Bei Grundst\u00fccksgesch\u00e4ften: ggf. Grundbuchausz\u00fcge (Aktualit\u00e4t nicht erforderlich), Lagepl\u00e4ne, fr\u00fchere Urkunden (Schenkungsvertrag, Einr\u00e4umung von Dienstbarkeiten, etc.) und Ihren Geb\u00e4udebrandversicherungsschein&nbsp;<\/li>\n\n\n\n<li>Bei erbrechtlichen Angelegenheiten: bisherige Testamente\/Erbvertr\u00e4ge, Pflichtteilsverzichte, Ehevertr\u00e4ge und Ihr Familienstammbuch (Geburtsurkunde)<\/li>\n\n\n\n<li>Bei familienrechtlichen Angelegenheiten: bestehende Ehevertr\u00e4ge, Scheidungsurteile oder gerichtliche&nbsp; &nbsp; Vergleiche<\/li>\n\n\n\n<li>Bei gesellschaftsrechtlichen Angelegenheiten: bestehende Gesellschaftsvertr\u00e4ge und ggf.&nbsp; Handelsregisterausz\u00fcge<\/li>\n<\/ul>\n\n\n\n<h2 class=\"wp-block-heading\">F\u00fcr Beurkundungstermine<\/h2>\n\n\n\n<p>Bitte denken Sie daran, einen amtlichen Lichtbildausweis mitzubringen.<br><br>Zur Beurkundung von Ehevertr\u00e4gen und Testamenten\/Erbvertr\u00e4gen bringen Sie bitte eine Kopie Ihrer Geburtsurkunde mit. Ihrer Geburtsurkunde entnehmen wir die Registrierungsnummer Ihrer Geburtseintragung beim Standesamt. Die Errichtung der letztwilligen Verf\u00fcgung wird im zentralen Testamentsregister der Bundesnotarkammer erfasst, um sicherzustellen, dass bei Ihrem Ableben das beim Notar oder Nachlassgericht hinterlegte Dokument aufgefunden wird.<br><br>Falls Ihnen Ihre finanzierende Bank Unterlagen \u00fcber die Bestellung einer Grundschuld zur Kaufpreisfinanzierung einer Immobilie \u00fcbersandt haben sollte, \u00fcbermitteln Sie uns diese Grundschuldbestellungsunterlagen m\u00f6glichst vor Beurkundung des Kaufvertrages. Dann kann die Grundschuld bereits im Termin des Kaufvertrages mit beurkundet werden und erspart Ihnen einen weiteren Notartermin.&nbsp;&nbsp;<br><br>Weitere ggf. ben\u00f6tigte Unterlagen k\u00f6nnen Sie dem Anschreiben, mit dem Ihnen der Entwurf des Vertrages \u00fcbersandt wird, entnehmen.<br><br>Wenn Sie erg\u00e4nzende Fragen zur Vorbereitung Ihres Termins haben, z\u00f6gern Sie bitte nicht, uns anzurufen. Wir helfen Ihnen gerne weiter.&nbsp; &nbsp; &nbsp; &nbsp;&nbsp;<\/p>\n\n\n\n<p><\/p>\n","protected":false},"excerpt":{"rendered":"<p>Der Notarbesuch Wir setzen alles daran, Ihren Notarbesuch so effektiv und angenehm wie m\u00f6glich zu gestalten. Hierbei k\u00f6nnen Sie uns unterst\u00fctzen, indem Sie sich auf Ihren Termin vorbereiten.&nbsp;&nbsp; F\u00fcr Besprechungstermine Es kann hilfreich sein, sich vorab mit dem Thema der Besprechung zu besch\u00e4ftigen. Hierzu k\u00f6nnen Ihnen insbesondere die auf dieser Homepage im Bereich&nbsp;Leistungen hinterlegten Informationsbl\u00e4tter&nbsp;und &hellip; <\/p>\n<p class=\"link-more\"><a href=\"https:\/\/www.notar-parsberg.de\/?page_id=20\" class=\"more-link\">Mehr <span class=\"screen-reader-text\">\u00fcber &#8222;Notariat&#8220; <\/span>Lesen<\/a><\/p>\n","protected":false},"author":1,"featured_media":0,"parent":0,"menu_order":0,"comment_status":"closed","ping_status":"closed","template":"page-with-title","meta":{"inspiro_hide_title":false,"footnotes":""},"class_list":["post-20","page","type-page","status-publish","hentry"],"_links":{"self":[{"href":"https:\/\/www.notar-parsberg.de\/index.php?rest_route=\/wp\/v2\/pages\/20","targetHints":{"allow":["GET"]}}],"collection":[{"href":"https:\/\/www.notar-parsberg.de\/index.php?rest_route=\/wp\/v2\/pages"}],"about":[{"href":"https:\/\/www.notar-parsberg.de\/index.php?rest_route=\/wp\/v2\/types\/page"}],"author":[{"embeddable":true,"href":"https:\/\/www.notar-parsberg.de\/index.php?rest_route=\/wp\/v2\/users\/1"}],"replies":[{"embeddable":true,"href":"https:\/\/www.notar-parsberg.de\/index.php?rest_route=%2Fwp%2Fv2%2Fcomments&post=20"}],"version-history":[{"count":6,"href":"https:\/\/www.notar-parsberg.de\/index.php?rest_route=\/wp\/v2\/pages\/20\/revisions"}],"predecessor-version":[{"id":231,"href":"https:\/\/www.notar-parsberg.de\/index.php?rest_route=\/wp\/v2\/pages\/20\/revisions\/231"}],"wp:attachment":[{"href":"https:\/\/www.notar-parsberg.de\/index.php?rest_route=%2Fwp%2Fv2%2Fmedia&parent=20"}],"curies":[{"name":"wp","href":"https:\/\/api.w.org\/{rel}","templated":true}]}}