{"id":120,"date":"2026-03-14T11:56:49","date_gmt":"2026-03-14T11:56:49","guid":{"rendered":"https:\/\/notariat.hotelsierra.de\/wordpress\/?page_id=120"},"modified":"2026-03-14T17:07:15","modified_gmt":"2026-03-14T17:07:15","slug":"checklisten","status":"publish","type":"page","link":"https:\/\/www.notar-parsberg.de\/?page_id=120","title":{"rendered":"Checklisten"},"content":{"rendered":"\n<p>Die folgenden editierbaren PDF &#8211; Checklisten aus den Bereichen Immobilienrecht, Erbrecht, Familienrecht und Gesellschaftsrecht sollen Sie bei der Vorbereitung auf ihren Besprechungstermin unterst\u00fctzen. Gerne d\u00fcrfen Sie das Ihr Anliegen betreffende Formular so weit wie m\u00f6glich ausf\u00fcllen und zu dem pers\u00f6nlichen Beratungsgespr\u00e4ch mitbringen.<br><br>Um die Checkliste direkt am PC auszuf\u00fcllen ben\u00f6tigen Sie den \u201eAcrobat Reader\u201c. Dieses Plugin k\u00f6nnen Sie&nbsp;<a href=\"https:\/\/www.adobe.com\/de\/acrobat\/pdf-reader.html\" target=\"_blank\" rel=\"noreferrer noopener\">hier<\/a>&nbsp;kostenlos herunterladen.&nbsp;&nbsp;<br><br>Wir bedanken uns schon im Voraus f\u00fcr Ihr Vertrauen und freuen uns auf die weitere Zusammenarbeit.<\/p>\n\n\n\n<h2 class=\"wp-block-heading\">Kaufvertr\u00e4ge<\/h2>\n\n\n\n<p><a href=\"https:\/\/www.notar-parsberg.de\/wp-content\/uploads\/2026\/03\/kauf_eines_bauplatzes.pdf\" target=\"_blank\" rel=\"noreferrer noopener\">Kauf eines unbebauten Grundst\u00fccks<\/a><\/p>\n\n\n\n<p><a href=\"https:\/\/www.notar-parsberg.de\/wp-content\/uploads\/2026\/03\/kauf_eines_bauplatzes.pdf\" target=\"_blank\" rel=\"noreferrer noopener\">Kauf eines Bauplatzes \/ einer unbebauten Teilfl\u00e4che<\/a><br><br><a href=\"https:\/\/www.notar-parsberg.de\/wp-content\/uploads\/2026\/03\/kauf_eines_hauses.pdf\" target=\"_blank\" rel=\"noreferrer noopener\">Kauf eines Hauses<\/a><br><br><a href=\"https:\/\/www.notar-parsberg.de\/wp-content\/uploads\/2026\/03\/kauf_einer_wohnung.pdf\" target=\"_blank\" rel=\"noreferrer noopener\">Kauf einer Eigentumswohnung<\/a><br><br><a href=\"https:\/\/www.notar-parsberg.de\/wp-content\/uploads\/2026\/03\/kauf_eines_hauses_teilflaeche.pdf\" target=\"_blank\" rel=\"noreferrer noopener\">Kauf eines Hauses (Teilfl\u00e4che mit Vermessung)<\/a>&nbsp;&nbsp;<\/p>\n\n\n\n<h2 class=\"wp-block-heading\">\u00dcberlassungsvertr\u00e4ge (Schenkungen)<\/h2>\n\n\n\n<p><a href=\"https:\/\/www.notar-parsberg.de\/wp-content\/uploads\/2026\/03\/uberlassung_eines_unbebauten_grundstucks.pdf\" target=\"_blank\" rel=\"noreferrer noopener\">\u00dcberlassung eines unbebauten Grundst\u00fccks<\/a><br><br><a href=\"https:\/\/www.notar-parsberg.de\/wp-content\/uploads\/2026\/03\/uberlassung_einer_unbebauten_teilflache.pdf\" target=\"_blank\" rel=\"noreferrer noopener\">\u00dcberlassung einer unbebauten Teilfl\u00e4che<\/a><br><br><a href=\"https:\/\/www.notar-parsberg.de\/wp-content\/uploads\/2026\/03\/uberlassung_eines_hauses.pdf\" target=\"_blank\" rel=\"noreferrer noopener\">\u00dcberlassung eines Hauses<\/a><br><br><a href=\"https:\/\/www.notar-parsberg.de\/wp-content\/uploads\/2026\/03\/uberlassung_einer_wohnung.pdf\" target=\"_blank\" rel=\"noreferrer noopener\">\u00dcberlassung einer Eigentumswohnung<\/a><\/p>\n\n\n\n<h2 class=\"wp-block-heading\">Erbrecht<\/h2>\n\n\n\n<p><a href=\"https:\/\/www.notar-parsberg.de\/wp-content\/uploads\/2026\/03\/erbvertrag.pdf\" target=\"_blank\" rel=\"noreferrer noopener\">Erbvertrag<\/a><br><br><a href=\"https:\/\/www.notar-parsberg.de\/wp-content\/uploads\/2026\/03\/testament.pdf\" target=\"_blank\" rel=\"noreferrer noopener\">Testament<\/a><br><br><a href=\"https:\/\/www.notar-parsberg.de\/wp-content\/uploads\/2026\/03\/erbscheinsantrag.pdf\" target=\"_blank\" rel=\"noreferrer noopener\">Erbscheinsantrag<\/a><br><br><a href=\"https:\/\/www.notar-parsberg.de\/wp-content\/uploads\/2026\/03\/erbschaftsausschlagung.pdf\" target=\"_blank\" rel=\"noreferrer noopener\">Erbschaftsausschlagung<br><\/a><br><a href=\"https:\/\/www.notar-parsberg.de\/wp-content\/uploads\/2026\/03\/auseinandersetzung_einer_erbengemeinschaft.pdf\" target=\"_blank\" rel=\"noreferrer noopener\">Erbauseinandersetzung<\/a><br><br><a href=\"https:\/\/www.notar-parsberg.de\/wp-content\/uploads\/2026\/03\/uberlassung_eines_erbanteils.pdf\" target=\"_blank\" rel=\"noreferrer noopener\">Erbteils\u00fcberlassung<\/a><br><br><a href=\"https:\/\/www.notar-parsberg.de\/wp-content\/uploads\/2026\/03\/kaufvertrag_uber_einen_erbanteil.pdf\" target=\"_blank\" rel=\"noreferrer noopener\">Erbteilskauf<\/a><br><br><a href=\"https:\/\/www.notar-parsberg.de\/wp-content\/uploads\/2026\/03\/gemeinschaftliches_ehegattentestament.pdf\" target=\"_blank\" rel=\"noreferrer noopener\">gemeinschaftliches Ehegattentestament<\/a><\/p>\n\n\n\n<h2 class=\"wp-block-heading\">Unterschriftsbeglaubigung<\/h2>\n\n\n\n<p><a href=\"https:\/\/www.notar-parsberg.de\/wp-content\/uploads\/2026\/03\/unterschriftsbeglaubigung.pdf\" target=\"_blank\" rel=\"noreferrer noopener\">Unterschriftsbeglaubigung<\/a><\/p>\n\n\n\n<h2 class=\"wp-block-heading\">Familienrecht<\/h2>\n\n\n\n<p><a href=\"https:\/\/www.notar-parsberg.de\/wp-content\/uploads\/2026\/03\/ehevertrag.pdf\" target=\"_blank\" rel=\"noreferrer noopener\">Ehevertag<\/a><br><br><a href=\"https:\/\/www.notar-parsberg.de\/wp-content\/uploads\/2026\/03\/scheidungs-_bzw._trennungsvereinbarung.pdf\" target=\"_blank\" rel=\"noreferrer noopener\">Scheidungs- bzw. Trennungsvereinbarung<\/a><\/p>\n\n\n\n<h2 class=\"wp-block-heading\">Vorsorge f\u00fcr Alter und Krankheit<\/h2>\n\n\n\n<p><a href=\"https:\/\/www.notar-parsberg.de\/wp-content\/uploads\/2026\/03\/vorsorgevollmacht_u._patientenverfugung.pdf\" target=\"_blank\" rel=\"noreferrer noopener\">Vorsorgevollmacht und Patientenverf\u00fcgung<\/a><br><br><a href=\"https:\/\/www.notar-parsberg.de\/wp-content\/uploads\/2026\/03\/informationsblatt_vorsorgevollmacht_und_patientenverfugung.pdf\" target=\"_blank\" rel=\"noreferrer noopener\">Informationsblatt Vorsorgevollmacht<\/a><\/p>\n\n\n\n<h2 class=\"wp-block-heading\">Gesellschaftsrecht<\/h2>\n\n\n\n<p><a href=\"https:\/\/www.notar-parsberg.de\/wp-content\/uploads\/2026\/03\/gmbh_-_grundung_einer_ein-personen-gmbh.pdf\" target=\"_blank\" rel=\"noreferrer noopener\">GmbH &#8211; Gr\u00fcndung einer Ein-Personen-GmbH<\/a><br><br><a href=\"https:\/\/www.notar-parsberg.de\/wp-content\/uploads\/2026\/03\/gmbh_gruendung_mehrere_gesellschafter.pdf\" target=\"_blank\" rel=\"noreferrer noopener\">GmbH &#8211; Gr\u00fcndung einer GmbH &#8211; mehrere Gesellschafter<\/a><br><br><a href=\"https:\/\/www.notar-parsberg.de\/wp-content\/uploads\/2026\/03\/gmbh_-_liquidation_einer_gmbh.pdf\" target=\"_blank\" rel=\"noreferrer noopener\">Liquidation einer GmbH<\/a><br><br><a href=\"https:\/\/www.notar-parsberg.de\/wp-content\/uploads\/2026\/03\/anmeldung_eines_einzelunternehmens.pdf\" target=\"_blank\" rel=\"noreferrer noopener\">Anmeldung eines Einzelunternehmens<\/a><br><br><a href=\"https:\/\/www.notar-parsberg.de\/wp-content\/uploads\/2026\/03\/gmbh_-_anteilsuberlassung.pdf\" target=\"_blank\" rel=\"noreferrer noopener\">GmbH &#8211; Anteils\u00fcberlassung<\/a><br><br><a href=\"https:\/\/www.notar-parsberg.de\/wp-content\/uploads\/2026\/03\/gmbh_anteilsverkauf.pdf\" target=\"_blank\" rel=\"noreferrer noopener\">GmbH &#8211; Anteilsverkauf<\/a><br><br><a href=\"https:\/\/www.notar-parsberg.de\/wp-content\/uploads\/2026\/03\/grundung_eines_vereins.pdf\" target=\"_blank\" rel=\"noreferrer noopener\">Gr\u00fcndung eines Vereins<\/a><br><br><a href=\"https:\/\/www.notar-parsberg.de\/wp-content\/uploads\/2026\/03\/veraenderungen_eingetragener_verein.pdf\" target=\"_blank\" rel=\"noreferrer noopener\">Ver\u00e4nderungen bei\u00a0 einem eingetragenen Verein\u00a0<\/a>\u00a0<\/p>\n\n\n\n<p><\/p>\n","protected":false},"excerpt":{"rendered":"<p>Die folgenden editierbaren PDF &#8211; Checklisten aus den Bereichen Immobilienrecht, Erbrecht, Familienrecht und Gesellschaftsrecht sollen Sie bei der Vorbereitung auf ihren Besprechungstermin unterst\u00fctzen. Gerne d\u00fcrfen Sie das Ihr Anliegen betreffende Formular so weit wie m\u00f6glich ausf\u00fcllen und zu dem pers\u00f6nlichen Beratungsgespr\u00e4ch mitbringen. Um die Checkliste direkt am PC auszuf\u00fcllen ben\u00f6tigen Sie den \u201eAcrobat Reader\u201c. Dieses &hellip; <\/p>\n<p class=\"link-more\"><a href=\"https:\/\/www.notar-parsberg.de\/?page_id=120\" class=\"more-link\">Mehr <span class=\"screen-reader-text\">\u00fcber &#8222;Checklisten&#8220; <\/span>Lesen<\/a><\/p>\n","protected":false},"author":1,"featured_media":0,"parent":0,"menu_order":0,"comment_status":"closed","ping_status":"closed","template":"","meta":{"inspiro_hide_title":false,"footnotes":""},"class_list":["post-120","page","type-page","status-publish","hentry"],"_links":{"self":[{"href":"https:\/\/www.notar-parsberg.de\/index.php?rest_route=\/wp\/v2\/pages\/120","targetHints":{"allow":["GET"]}}],"collection":[{"href":"https:\/\/www.notar-parsberg.de\/index.php?rest_route=\/wp\/v2\/pages"}],"about":[{"href":"https:\/\/www.notar-parsberg.de\/index.php?rest_route=\/wp\/v2\/types\/page"}],"author":[{"embeddable":true,"href":"https:\/\/www.notar-parsberg.de\/index.php?rest_route=\/wp\/v2\/users\/1"}],"replies":[{"embeddable":true,"href":"https:\/\/www.notar-parsberg.de\/index.php?rest_route=%2Fwp%2Fv2%2Fcomments&post=120"}],"version-history":[{"count":34,"href":"https:\/\/www.notar-parsberg.de\/index.php?rest_route=\/wp\/v2\/pages\/120\/revisions"}],"predecessor-version":[{"id":285,"href":"https:\/\/www.notar-parsberg.de\/index.php?rest_route=\/wp\/v2\/pages\/120\/revisions\/285"}],"wp:attachment":[{"href":"https:\/\/www.notar-parsberg.de\/index.php?rest_route=%2Fwp%2Fv2%2Fmedia&parent=120"}],"curies":[{"name":"wp","href":"https:\/\/api.w.org\/{rel}","templated":true}]}}